{"id":66,"date":"2018-07-16T13:38:29","date_gmt":"2018-07-16T13:38:29","guid":{"rendered":"http:\/\/modern.one.peakteam.co\/?page_id=5"},"modified":"2026-04-02T06:41:56","modified_gmt":"2026-04-02T09:41:56","slug":"homepage-modern","status":"publish","type":"page","link":"https:\/\/miuvinos.com\/pt\/","title":{"rendered":"Homepage"},"content":{"rendered":"<div class=\"wpb-content-wrapper\"><section data-bg-image=\"url\" class=\"vc_row wpb_row vc_row-fluid vc_custom_1775122548520 liquid-row-shadowbox-6a02231db330a vc_row-has-fill vc_row-has-bg vc_column-gap-35 vc_row-o-full-height vc_row-o-columns-middle vc_row-flex\"><div class=\"liquid-row-overlay\" style=\"background:rgba(25, 0, 41, 0.7)\"><\/div><div class=\"ld-container container-fluid\"><div class=\"row ld-row\"><div class=\"wpb_column vc_column_container vc_col-sm-3 liquid-column-6a02231db3617\"><div class=\"vc_column-inner\"><div class=\"wpb_wrapper\"   ><div class=\"wpb_wrapper-inner\"><\/div><\/div><\/div><\/div><div class=\"wpb_column vc_column_container vc_col-sm-6 text-center liquid-column-6a02231db37a1\"><div class=\"vc_column-inner\"><div class=\"wpb_wrapper\"   ><div class=\"wpb_wrapper-inner\"><div class=\"vc_empty_space\"   style=\"height: 20px\"><span class=\"vc_empty_space_inner\"><\/span><\/div><style>.ld_fancy_heading_6a02231db3956 h1{color:rgb(255, 243, 192);}.ld_fancy_heading_6a02231db3956 .lqd-highlight-inner{height:0.275em;bottom:0px;}<\/style><div class=\"ld-fancy-heading ld_fancy_heading_6a02231db3956\">\n\t<h1 class=\"lqd-highlight-underline lqd-highlight-grow-left\" ><span class=\"ld-fh-txt\"> Um vinho que nasce de uma hist\u00f3ria real de resgate m\u00fatuo<\/span><\/h1><\/div><style>.ld_fancy_heading_6a02231db42b1 p{color:rgb(255, 255, 255);}.ld_fancy_heading_6a02231db42b1 .lqd-highlight-inner{height:0.275em;bottom:0px;}<\/style><div class=\"ld-fancy-heading ld_fancy_heading_6a02231db42b1\">\n\t<p class=\"lqd-highlight-underline lqd-highlight-grow-left\" ><span class=\"ld-fh-txt\"> <strong>A Miu Vinos<\/strong> nasce do v\u00ednculo entre uma galga resgatada e a sua fundadora. Essa transforma\u00e7\u00e3o rec\u00edproca \u00e9 o cora\u00e7\u00e3o da Miu, <strong>um vinho argentino com uma historia aut\u00e9ntica que se conecta emocionalmente com as pessoas.<\/strong><\/span><\/p><\/div><\/div><\/div><\/div><\/div><div class=\"wpb_column vc_column_container vc_col-sm-3 liquid-column-6a02231db4650\"><div class=\"vc_column-inner\"><div class=\"wpb_wrapper\"   ><div class=\"wpb_wrapper-inner\"><\/div><\/div><\/div><\/div><\/div><\/div><\/section><div class=\"vc_row-full-width vc_clearfix\"><\/div><section data-bg-image=\"url\" class=\"vc_row wpb_row vc_row-fluid vc_custom_1771510170020 row-contains-padding-top row-contains-padding-bottom liquid-row-shadowbox-6a02231db47ef vc_row-has-fill vc_row-has-bg\"><div class=\"ld-container container\"><div class=\"row ld-row\"><div class=\"wpb_column vc_column_container vc_col-sm-12 liquid-column-6a02231db49ac\"><div class=\"vc_column-inner\"><div class=\"wpb_wrapper\"   ><div class=\"wpb_wrapper-inner\"><div class=\"vc_row wpb_row vc_inner vc_row-fluid vc_custom_1771500723233 liquid-row-shadowbox-6a02231db4b38 vc_column-gap-10\"><div class=\"wpb_column vc_column_container vc_col-sm-2 liquid-column-6a02231db4d02\"><div class=\"vc_column-inner\"><div class=\"wpb_wrapper\"  ><div class=\"wpb_wrapper-inner\"><\/div><\/div><\/div><\/div><div class=\"wpb_column vc_column_container vc_col-sm-8 text-center liquid-column-6a02231db4e30\"><div class=\"vc_column-inner\"><div class=\"wpb_wrapper\"  ><div class=\"wpb_wrapper-inner\"><style>.ld_fancy_heading_6a02231db4f50 h2{color:rgb(68, 0, 113);}.ld_fancy_heading_6a02231db4f50 .lqd-highlight-inner{bottom:0px;}<\/style><div class=\"ld-fancy-heading ld_fancy_heading_6a02231db4f50\">\n\t<h2 class=\"lqd-highlight-underline lqd-highlight-grow-left\" ><span class=\"ld-fh-txt\"> 3 raz\u00f5es para escolher a Miu<\/span><\/h2><\/div><style>.ld_fancy_heading_6a02231db50d4 p{color:rgb(51, 51, 51);}.ld_fancy_heading_6a02231db50d4 .lqd-highlight-inner{height:0.275em;bottom:0px;}<\/style><div class=\"ld-fancy-heading ld_fancy_heading_6a02231db50d4\">\n\t<p class=\"lqd-highlight-underline lqd-highlight-grow-left\" ><span class=\"ld-fh-txt\"> Al\u00e9m do vinho, a Miu oferece tr\u00eas elementos que a diferenciam na prateleira e facilitam a venda: hist\u00f3ria aut\u00eantica, impacto visual e conex\u00e3o emocional.<\/span><\/p><\/div><\/div><\/div><\/div><\/div><div class=\"wpb_column vc_column_container vc_col-sm-2 liquid-column-6a02231db52b6\"><div class=\"vc_column-inner\"><div class=\"wpb_wrapper\"  ><div class=\"wpb_wrapper-inner\"><\/div><\/div><\/div><\/div><\/div><div class=\"vc_row wpb_row vc_inner vc_row-fluid liquid-row-shadowbox-6a02231db53ef\"><div class=\"wpb_column vc_column_container vc_col-sm-4 liquid-column-6a02231db558c\"><div class=\"vc_column-inner\"><div class=\"wpb_wrapper\"  ><div class=\"wpb_wrapper-inner\"><style>.ld_icon_box_6a02231db5763 .iconbox-icon-container{color:rgb(255, 255, 255);margin-bottom:26px !important;border-radius:px;}.ld_icon_box_6a02231db5763:hover .iconbox-icon-container{color:rgb(68, 0, 113);}.ld_icon_box_6a02231db5763 h3{color:#ffda22;margin-bottom:20px;}.ld_icon_box_6a02231db5763:hover h3{color:#440071;}.ld_icon_box_6a02231db5763{background:#440071;}.ld_icon_box_6a02231db5763:before{background:#ffda22;}.ld_icon_box_6a02231db5763:hover, .ld_icon_box_6a02231db5763:hover p{color:#440071;}<\/style>\n<div class=\"iconbox iconbox-semiround iconbox-shadow iconbox-xl iconbox-heading-lg iconbox-filled iconbox-filled iconbox-filled-hover ld_icon_box_6a02231db5763 vc_custom_1771502762263\" id=\"ld_icon_box_6a02231db5763\"  data-plugin-options='{\"color\":\"rgb(255, 255, 255)\",\"hoverColor\":\"rgb(68, 0, 113)\"}'  >\n\t\n\t\t<div class=\"iconbox-icon-wrap\"><span class=\"iconbox-icon-container\"><i class=\"icon-num-1\"><\/i><\/span><\/div><!-- \/.iconbox-icon-wrap -->\t\n\t\t\n\t<div class=\"contents\">\t\n\t<h3>As pessoas compram hist\u00f3rias<\/h3>\t<p><span style=\"color: #ffffff\">Num mercado de vinhos muito competitivo, as marcas com uma hist\u00f3ria real geram lealdade nos consumidores. A Miu tem essa hist\u00f3ria aut\u00eantica.<\/span><\/p>\n\t\t\n\t<\/div>\t\n\t\n<\/div>\n<\/div><\/div><\/div><\/div><div class=\"wpb_column vc_column_container vc_col-sm-4 liquid-column-6a02231db5c4a\"><div class=\"vc_column-inner\"><div class=\"wpb_wrapper\"  ><div class=\"wpb_wrapper-inner\"><style>.ld_icon_box_6a02231db5dc6 .iconbox-icon-container{color:rgb(255, 255, 255);margin-bottom:26px !important;border-radius:px;}.ld_icon_box_6a02231db5dc6:hover .iconbox-icon-container{color:#440071;}.ld_icon_box_6a02231db5dc6 h3{color:#ffda22;margin-bottom:20px;}.ld_icon_box_6a02231db5dc6:hover h3{color:#440071;}.ld_icon_box_6a02231db5dc6{background:#440071;}.ld_icon_box_6a02231db5dc6:before{background:#ffda22;}.ld_icon_box_6a02231db5dc6:hover, .ld_icon_box_6a02231db5dc6:hover p{color:#440071;}<\/style>\n<div class=\"iconbox iconbox-semiround iconbox-shadow iconbox-xl iconbox-heading-lg iconbox-filled iconbox-filled iconbox-filled-hover ld_icon_box_6a02231db5dc6 vc_custom_1771502770924\" id=\"ld_icon_box_6a02231db5dc6\"  data-plugin-options='{\"color\":\"rgb(255, 255, 255)\",\"hoverColor\":\"#440071\"}'  >\n\t\n\t\t<div class=\"iconbox-icon-wrap\"><span class=\"iconbox-icon-container\"><i class=\"icon-num-2\"><\/i><\/span><\/div><!-- \/.iconbox-icon-wrap -->\t\n\t\t\n\t<div class=\"contents\">\t\n\t<h3>Capta a aten\u00e7\u00e3o em segundos<\/h3>\t<p><span style=\"color: #ffffff\">O galgo no r\u00f3tulo gera curiosidade imediata. No ponto de venda, a Miu destaca-se visualmente e abre a conversa de forma natural.<\/span><\/p>\n\t\t\n\t<\/div>\t\n\t\n<\/div>\n<\/div><\/div><\/div><\/div><div class=\"wpb_column vc_column_container vc_col-sm-4 liquid-column-6a02231db6294\"><div class=\"vc_column-inner\"><div class=\"wpb_wrapper\"  ><div class=\"wpb_wrapper-inner\"><style>.ld_icon_box_6a02231db6379 .iconbox-icon-container{color:rgb(255, 255, 255);margin-bottom:26px !important;border-radius:px;}.ld_icon_box_6a02231db6379:hover .iconbox-icon-container{color:#440071;}.ld_icon_box_6a02231db6379 h3{color:#ffda22;margin-bottom:20px;}.ld_icon_box_6a02231db6379:hover h3{color:#440071;}.ld_icon_box_6a02231db6379{background:#440071;}.ld_icon_box_6a02231db6379:before{background:#ffda22;}.ld_icon_box_6a02231db6379:hover, .ld_icon_box_6a02231db6379:hover p{color:#440071;}<\/style>\n<div class=\"iconbox iconbox-semiround iconbox-shadow iconbox-xl iconbox-heading-lg iconbox-filled iconbox-filled iconbox-filled-hover ld_icon_box_6a02231db6379 vc_custom_1771502781457\" id=\"ld_icon_box_6a02231db6379\"  data-plugin-options='{\"color\":\"rgb(255, 255, 255)\",\"hoverColor\":\"#440071\"}'  >\n\t\n\t\t<div class=\"iconbox-icon-wrap\"><span class=\"iconbox-icon-container\"><i class=\"icon-num-3\"><\/i><\/span><\/div><!-- \/.iconbox-icon-wrap -->\t\n\t\t\n\t<div class=\"contents\">\t\n\t<h3>Vinhos que conectam emocionalmente<\/h3>\t<p><span style=\"color: #ffffff\">Frescos, jovens e f\u00e1ceis de beber. Com uma causa que o consumidor pode verificar, partilhar com orgulho e apoiar genuinamente.<\/span><\/p>\n\t\t\n\t<\/div>\t\n\t\n<\/div>\n<\/div><\/div><\/div><\/div><\/div><\/div><\/div><\/div><\/div><\/div><\/div><\/section><section class=\"vc_row wpb_row vc_row-fluid liquid-row-shadowbox-6a02231db6772 vc_column-gap-0 vc_row-o-content-middle vc_row-flex\"><div class=\"ld-container container-fluid\"><div class=\"row ld-row\"><div class=\"wpb_column vc_column_container vc_col-sm-6 liquid-column-6a02231db686d\"><div class=\"vc_column-inner\"><div class=\"wpb_wrapper vc_custom_1771513824308\"   ><div class=\"wpb_wrapper-inner\">\n\t<div  class=\"wpb_single_image wpb_content_element vc_align_left  liquid_vc_single_image-6a02231dc5a2e\">\n\t\t\n\t\t<figure class=\"wpb_wrapper vc_figure\">\n\t\t\t<div class=\"vc_single_image-wrapper   vc_box_border_grey\"><img loading=\"lazy\" decoding=\"async\" width=\"1080\" height=\"1080\" src=\"data:image\/svg+xml;charset=utf-8,&lt;svg xmlns%3D&#039;http%3A%2F%2Fwww.w3.org%2F2000%2Fsvg&#039; viewBox%3D&#039;0 0 1080 1080&#039;%2F&gt;\" class=\"vc_single_image-img attachment-full ld-lazyload\" alt=\"\" title=\"miuvinos-nuestrosvinos-botellas\" srcset=\"\" sizes=\"auto, (max-width: 1080px) 100vw, 1080px\" data-src=\"https:\/\/miuvinos.com\/wp-content\/uploads\/2026\/03\/miuvinos-nuestrosvinos-botellas.jpg\" data-srcset=\"https:\/\/miuvinos.com\/wp-content\/uploads\/2026\/03\/miuvinos-nuestrosvinos-botellas.jpg 1080w, https:\/\/miuvinos.com\/wp-content\/uploads\/2026\/03\/miuvinos-nuestrosvinos-botellas-300x300.jpg 300w, https:\/\/miuvinos.com\/wp-content\/uploads\/2026\/03\/miuvinos-nuestrosvinos-botellas-1024x1024.jpg 1024w, https:\/\/miuvinos.com\/wp-content\/uploads\/2026\/03\/miuvinos-nuestrosvinos-botellas-150x150.jpg 150w, https:\/\/miuvinos.com\/wp-content\/uploads\/2026\/03\/miuvinos-nuestrosvinos-botellas-12x12.jpg 12w\" data-aspect=\"1\" \/><\/div>\n\t\t<\/figure>\n\t<\/div>\n<\/div><\/div><\/div><\/div><div class=\"wpb_column vc_column_container vc_col-sm-6 liquid-column-6a02231dc5b94\"><div class=\"vc_column-inner\"><div class=\"wpb_wrapper vc_custom_1771511256309\"   ><div class=\"wpb_wrapper-inner\"><style>.ld_fancy_heading_6a02231dc5c88 h2{color:rgb(68, 0, 113);}.ld_fancy_heading_6a02231dc5c88 .lqd-highlight-inner{bottom:0px;}<\/style><div class=\"ld-fancy-heading ld_fancy_heading_6a02231dc5c88\">\n\t<h2 class=\"lqd-highlight-underline lqd-highlight-grow-left\" ><span class=\"ld-fh-txt\"> Nossos vinhos<\/span><\/h2><\/div><style>.ld_fancy_heading_6a02231dc5fd8 p{color:rgb(51, 51, 51);}.ld_fancy_heading_6a02231dc5fd8 .lqd-highlight-inner{height:0.275em;bottom:0px;}<\/style><div class=\"ld-fancy-heading ld_fancy_heading_6a02231dc5fd8\">\n\t<p class=\"lqd-highlight-underline lqd-highlight-grow-left\" ><span class=\"ld-fh-txt\"> Miu Malbec e Miu Rosado s\u00e3o vinhos frescos, leves e f\u00e1ceis de beber. Sem pretens\u00f5es. Sem aquele vocabul\u00e1rio t\u00e9cnico que intimida.<\/span><\/p><\/div><div class=\"vc_empty_space\"   style=\"height: 20px\"><span class=\"vc_empty_space_inner\"><\/span><\/div><style>.ld_fancy_heading_6a02231dc63b8 p{color:rgb(51, 51, 51);}.ld_fancy_heading_6a02231dc63b8 .lqd-highlight-inner{height:0.275em;bottom:0px;}<\/style><div class=\"ld-fancy-heading ld_fancy_heading_6a02231dc63b8\">\n\t<p class=\"lqd-highlight-underline lqd-highlight-grow-left\" ><span class=\"ld-fh-txt\"> Vinhos que geram conversa antes mesmo de serem abertos. Vendem-se por volume, partilham-se com orgulho e trazem uma causa que o consumidor entende num relance.<\/span><\/p><\/div><div class=\"vc_empty_space\"   style=\"height: 20px\"><span class=\"vc_empty_space_inner\"><\/span><\/div><style>.ld_button_6a02231dc65c9.btn-icon-solid .btn-icon{background:#440071;}.ld_button_6a02231dc65c9.btn-icon-circle.btn-icon-ripple .btn-icon:before{border-color:#440071;}.ld_button_6a02231dc65c9.btn-icon-solid:hover .btn-icon{background:#ffda22;}.ld_button_6a02231dc65c9{background-color:#440071;border-color:#440071;color:rgb(255, 255, 255);font-size:14px !important;font-weight:600 !important;letter-spacing:1px !important;}.ld_button_6a02231dc65c9:hover{background-color:#ffda22;border-color:#ffda22;color:#440071;}.ld_button_6a02231dc65c9 .btn-gradient-bg-hover{background:-webkit-linear-gradient(to right, #ffda22 0%, #ffda22 100%);background:linear-gradient(to right, #ffda22 0%, #ffda22 100%);}.ld_button_6a02231dc65c9 .btn-gradient-border defs stop:first-child{stop-color:#440071;}.ld_button_6a02231dc65c9 .btn-gradient-border defs stop:last-child{stop-color:#440071;}.ld_button_6a02231dc65c9:hover .btn-gradient-border defs stop:first-child{stop-color:#ffda22;}.ld_button_6a02231dc65c9:hover .btn-gradient-border defs stop:last-child{stop-color:#ffda22;}<\/style><a href=\"https:\/\/miuvinos.com\/pt\/nuestros-vinos\/\" title=\"Nossos vinhos\" class=\"btn btn-solid text-uppercase btn-md round btn-bordered border-thin ld_button_6a02231dc65c9\">\n\t<span>\n\t\t\n\t\t\t\t\t<span class=\"btn-txt\">Quero saber mais \u2192<\/span>\n\t\t\t\n\t\t\t\t<\/span>\n<\/a>\n<\/div><\/div><\/div><\/div><\/div><\/div><\/section><div class=\"vc_row-full-width vc_clearfix\"><\/div><section class=\"vc_row wpb_row vc_row-fluid liquid-row-shadowbox-6a02231dc69cd vc_column-gap-0 vc_row-o-content-middle vc_row-flex\"><div class=\"ld-container container-fluid\"><div class=\"row ld-row\"><div class=\"wpb_column vc_column_container vc_col-sm-6 liquid-column-6a02231dc6acb\"><div class=\"vc_column-inner\"><div class=\"wpb_wrapper vc_custom_1771513845424\"   ><div class=\"wpb_wrapper-inner\"><style>.ld_fancy_heading_6a02231dc6b86 h2{color:rgb(68, 0, 113);}.ld_fancy_heading_6a02231dc6b86 .lqd-highlight-inner{bottom:0px;}<\/style><div class=\"ld-fancy-heading ld_fancy_heading_6a02231dc6b86\">\n\t<h2 class=\"lqd-highlight-underline lqd-highlight-grow-left\" ><span class=\"ld-fh-txt\"> O resgate m\u00fatuo<\/span><\/h2><\/div><style>.ld_fancy_heading_6a02231dc6ed3 p{color:rgb(51, 51, 51);}.ld_fancy_heading_6a02231dc6ed3 .lqd-highlight-inner{height:0.275em;bottom:0px;}<\/style><div class=\"ld-fancy-heading ld_fancy_heading_6a02231dc6ed3\">\n\t<p class=\"lqd-highlight-underline lqd-highlight-grow-left\" ><span class=\"ld-fh-txt\"> Os galgos s\u00e3o explorados, maltratados e abandonados. <strong>Daniela resgatou-os dos maus-tratos. Em troca, eles devolveram-lhe a capacidade de acreditar, de amar e de criar algo novo juntos.<\/strong> Essa transforma\u00e7\u00e3o rec\u00edproca \u00e9 o resgate m\u00fatuo. Essa \u00e9 a Miu.<\/span><\/p><\/div><div class=\"vc_empty_space\"   style=\"height: 20px\"><span class=\"vc_empty_space_inner\"><\/span><\/div><style>.ld_fancy_heading_6a02231dc7251 p{color:rgb(51, 51, 51);}.ld_fancy_heading_6a02231dc7251 .lqd-highlight-inner{height:0.275em;bottom:0px;}<\/style><div class=\"ld-fancy-heading ld_fancy_heading_6a02231dc7251\">\n\t<p class=\"lqd-highlight-underline lqd-highlight-grow-left\" ><span class=\"ld-fh-txt\"> Cada garrafa simboliza segundas chances. Cada vinho vendido \u00e9 uma conversa sobre resgate, empatia e transforma\u00e7\u00e3o.<\/span><\/p><\/div><div class=\"vc_empty_space\"   style=\"height: 20px\"><span class=\"vc_empty_space_inner\"><\/span><\/div><style>.ld_button_6a02231dc7459.btn-icon-solid .btn-icon{background:#440071;}.ld_button_6a02231dc7459.btn-icon-circle.btn-icon-ripple .btn-icon:before{border-color:#440071;}.ld_button_6a02231dc7459.btn-icon-solid:hover .btn-icon{background:#ffda22;}.ld_button_6a02231dc7459{background-color:#440071;border-color:#440071;color:rgb(255, 255, 255);font-size:14px !important;font-weight:600 !important;letter-spacing:1px !important;}.ld_button_6a02231dc7459:hover{background-color:#ffda22;border-color:#ffda22;color:#440071;}.ld_button_6a02231dc7459 .btn-gradient-bg-hover{background:-webkit-linear-gradient(to right, #ffda22 0%, #ffda22 100%);background:linear-gradient(to right, #ffda22 0%, #ffda22 100%);}.ld_button_6a02231dc7459 .btn-gradient-border defs stop:first-child{stop-color:#440071;}.ld_button_6a02231dc7459 .btn-gradient-border defs stop:last-child{stop-color:#440071;}.ld_button_6a02231dc7459:hover .btn-gradient-border defs stop:first-child{stop-color:#ffda22;}.ld_button_6a02231dc7459:hover .btn-gradient-border defs stop:last-child{stop-color:#ffda22;}<\/style><a href=\"https:\/\/miuvinos.com\/pt\/nuestra-historia\/\" title=\"Nossa hist\u00f3ria\" class=\"btn btn-solid text-uppercase btn-md round btn-bordered border-thin ld_button_6a02231dc7459\">\n\t<span>\n\t\t\n\t\t\t\t\t<span class=\"btn-txt\">A hist\u00f3ria completa \u2192<\/span>\n\t\t\t\n\t\t\t\t<\/span>\n<\/a>\n<\/div><\/div><\/div><\/div><div class=\"wpb_column vc_column_container vc_col-sm-6 liquid-column-6a02231dc77a1\"><div class=\"vc_column-inner\"><div class=\"wpb_wrapper vc_custom_1771513833955\"   ><div class=\"wpb_wrapper-inner\">\n\t<div  class=\"wpb_single_image wpb_content_element vc_align_left  liquid_vc_single_image-6a02231dd6904\">\n\t\t\n\t\t<figure class=\"wpb_wrapper vc_figure\">\n\t\t\t<div class=\"vc_single_image-wrapper   vc_box_border_grey\"><img loading=\"lazy\" decoding=\"async\" width=\"1080\" height=\"1080\" src=\"data:image\/svg+xml;charset=utf-8,&lt;svg xmlns%3D&#039;http%3A%2F%2Fwww.w3.org%2F2000%2Fsvg&#039; viewBox%3D&#039;0 0 1080 1080&#039;%2F&gt;\" class=\"vc_single_image-img attachment-full ld-lazyload\" alt=\"\" title=\"miuvinos-galgos-01\" srcset=\"\" sizes=\"auto, (max-width: 1080px) 100vw, 1080px\" data-src=\"https:\/\/miuvinos.com\/wp-content\/uploads\/2026\/02\/miuvinos-galgos-01.jpg\" data-srcset=\"https:\/\/miuvinos.com\/wp-content\/uploads\/2026\/02\/miuvinos-galgos-01.jpg 1080w, https:\/\/miuvinos.com\/wp-content\/uploads\/2026\/02\/miuvinos-galgos-01-300x300.jpg 300w, https:\/\/miuvinos.com\/wp-content\/uploads\/2026\/02\/miuvinos-galgos-01-1024x1024.jpg 1024w, https:\/\/miuvinos.com\/wp-content\/uploads\/2026\/02\/miuvinos-galgos-01-150x150.jpg 150w, https:\/\/miuvinos.com\/wp-content\/uploads\/2026\/02\/miuvinos-galgos-01-12x12.jpg 12w\" data-aspect=\"1\" \/><\/div>\n\t\t<\/figure>\n\t<\/div>\n<\/div><\/div><\/div><\/div><\/div><\/div><\/section><div class=\"vc_row-full-width vc_clearfix\"><\/div><section data-bg-image=\"url\" class=\"vc_row wpb_row vc_row-fluid vc_custom_1775122912919 row-contains-padding-top row-contains-padding-bottom liquid-row-shadowbox-6a02231dd6bb0 vc_row-has-fill vc_row-has-bg vc_column-gap-35\"><div class=\"liquid-row-overlay\" style=\"background:rgba(28, 0, 46, 0.8)\"><\/div><div class=\"ld-container container-fluid\"><div class=\"row ld-row\"><div class=\"wpb_column vc_column_container vc_col-sm-2 liquid-column-6a02231dd6de7\"><div class=\"vc_column-inner\"><div class=\"wpb_wrapper\"   ><div class=\"wpb_wrapper-inner\"><\/div><\/div><\/div><\/div><div class=\"wpb_column vc_column_container vc_col-sm-8 text-center liquid-column-6a02231dd6f6f\"><div class=\"vc_column-inner\"><div class=\"wpb_wrapper\"   ><div class=\"wpb_wrapper-inner\"><style>.ld_fancy_heading_6a02231dd70ac p{color:rgb(255, 255, 255);}.ld_fancy_heading_6a02231dd70ac .lqd-highlight-inner{height:0.275em;bottom:0px;}<\/style><div class=\"ld-fancy-heading ld_fancy_heading_6a02231dd70ac\">\n\t<p class=\"lqd-highlight-underline lqd-highlight-grow-left\" ><span class=\"ld-fh-txt\"> Se procura uma marca com uma hist\u00f3ria real que venda naturalmente, vamos conversar. Trabalhamos com importadores s\u00e9rios que procuram rela\u00e7\u00f5es de longo prazo.<\/span><\/p><\/div><div class=\"vc_empty_space\"   style=\"height: 20px\"><span class=\"vc_empty_space_inner\"><\/span><\/div><style>.ld_button_6a02231dd7605.btn-icon-solid .btn-icon{background:#ffda22;}.ld_button_6a02231dd7605.btn-icon-circle.btn-icon-ripple .btn-icon:before{border-color:#ffda22;}.ld_button_6a02231dd7605.btn-icon-solid:hover .btn-icon{background:#440071;}.ld_button_6a02231dd7605{background-color:#ffda22;border-color:#ffda22;color:#440071;font-size:14px !important;font-weight:600 !important;letter-spacing:1px !important;}.ld_button_6a02231dd7605:hover{background-color:#440071;border-color:#440071;color:#fafad4;}.ld_button_6a02231dd7605 .btn-gradient-bg-hover{background:-webkit-linear-gradient(to right, #440071 0%, #440071 100%);background:linear-gradient(to right, #440071 0%, #440071 100%);}.ld_button_6a02231dd7605 .btn-gradient-border defs stop:first-child{stop-color:#ffda22;}.ld_button_6a02231dd7605 .btn-gradient-border defs stop:last-child{stop-color:#ffda22;}.ld_button_6a02231dd7605:hover .btn-gradient-border defs stop:first-child{stop-color:#440071;}.ld_button_6a02231dd7605:hover .btn-gradient-border defs stop:last-child{stop-color:#440071;}<\/style><a href=\"https:\/\/miuvinos.com\/pt\/contacto\/\" title=\"Contacto\" class=\"btn btn-solid text-uppercase btn-md round btn-bordered border-thin ld_button_6a02231dd7605\">\n\t<span>\n\t\t\n\t\t\t\t\t<span class=\"btn-txt\">Quero entrar em contacto \u2192<\/span>\n\t\t\t\n\t\t\t\t<\/span>\n<\/a>\n<\/div><\/div><\/div><\/div><div class=\"wpb_column vc_column_container vc_col-sm-2 liquid-column-6a02231dd7a05\"><div class=\"vc_column-inner\"><div class=\"wpb_wrapper\"   ><div class=\"wpb_wrapper-inner\"><\/div><\/div><\/div><\/div><\/div><\/div><\/section><div class=\"vc_row-full-width vc_clearfix\"><\/div>\n<\/div>","protected":false},"excerpt":{"rendered":"Un vino que nace de una historia real de rescate mutuo Miu Vinos nace del...","protected":false},"author":1,"featured_media":0,"parent":0,"menu_order":0,"comment_status":"closed","ping_status":"closed","template":"","meta":{"footnotes":""},"class_list":["post-66","page","type-page","status-publish","hentry"],"_links":{"self":[{"href":"https:\/\/miuvinos.com\/pt\/wp-json\/wp\/v2\/pages\/66","targetHints":{"allow":["GET"]}}],"collection":[{"href":"https:\/\/miuvinos.com\/pt\/wp-json\/wp\/v2\/pages"}],"about":[{"href":"https:\/\/miuvinos.com\/pt\/wp-json\/wp\/v2\/types\/page"}],"author":[{"embeddable":true,"href":"https:\/\/miuvinos.com\/pt\/wp-json\/wp\/v2\/users\/1"}],"replies":[{"embeddable":true,"href":"https:\/\/miuvinos.com\/pt\/wp-json\/wp\/v2\/comments?post=66"}],"version-history":[{"count":55,"href":"https:\/\/miuvinos.com\/pt\/wp-json\/wp\/v2\/pages\/66\/revisions"}],"predecessor-version":[{"id":513,"href":"https:\/\/miuvinos.com\/pt\/wp-json\/wp\/v2\/pages\/66\/revisions\/513"}],"wp:attachment":[{"href":"https:\/\/miuvinos.com\/pt\/wp-json\/wp\/v2\/media?parent=66"}],"curies":[{"name":"wp","href":"https:\/\/api.w.org\/{rel}","templated":true}]}}