{"id":426,"date":"2026-03-18T11:44:58","date_gmt":"2026-03-18T14:44:58","guid":{"rendered":"https:\/\/miuvinos.com\/?page_id=426"},"modified":"2026-04-02T06:47:00","modified_gmt":"2026-04-02T09:47:00","slug":"por-que-miu","status":"publish","type":"page","link":"https:\/\/miuvinos.com\/pt\/por-que-miu\/","title":{"rendered":"Por que MIU"},"content":{"rendered":"<div class=\"wpb-content-wrapper\"><section data-bg-image=\"url\" class=\"vc_row wpb_row vc_row-fluid vc_custom_1773855021575 liquid-row-shadowbox-6a022e692925a vc_row-has-fill vc_row-has-bg vc_column-gap-35 vc_row-o-full-height vc_row-o-columns-middle vc_row-flex\"><div class=\"liquid-row-overlay\" style=\"background:rgba(25, 0, 41, 0.7)\"><\/div><div class=\"ld-container container-fluid\"><div class=\"row ld-row\"><div class=\"wpb_column vc_column_container vc_col-sm-3 liquid-column-6a022e692949f\"><div class=\"vc_column-inner\"><div class=\"wpb_wrapper\"   ><div class=\"wpb_wrapper-inner\"><\/div><\/div><\/div><\/div><div class=\"wpb_column vc_column_container vc_col-sm-6 text-center liquid-column-6a022e692959c\"><div class=\"vc_column-inner\"><div class=\"wpb_wrapper\"   ><div class=\"wpb_wrapper-inner\"><div class=\"vc_empty_space\"   style=\"height: 20px\"><span class=\"vc_empty_space_inner\"><\/span><\/div><style>.ld_fancy_heading_6a022e6929750 h1{color:rgb(255, 243, 192);}.ld_fancy_heading_6a022e6929750 .lqd-highlight-inner{height:0.275em;bottom:0px;}<\/style><div class=\"ld-fancy-heading ld_fancy_heading_6a022e6929750\">\n\t<h1 class=\"lqd-highlight-underline lqd-highlight-grow-left\" ><span class=\"ld-fh-txt\"> Uma marca que se construiu ao contr\u00e1rio<\/span><\/h1><\/div><style>.ld_fancy_heading_6a022e6929fbe p{color:rgb(255, 255, 255);}.ld_fancy_heading_6a022e6929fbe .lqd-highlight-inner{height:0.275em;bottom:0px;}<\/style><div class=\"ld-fancy-heading ld_fancy_heading_6a022e6929fbe\">\n\t<p class=\"lqd-highlight-underline lqd-highlight-grow-left\" ><span class=\"ld-fh-txt\"> A ind\u00fastria cria vinhos e depois procura hist\u00f3rias para vend\u00ea-los. <strong>A MIU fez o oposto. Viveu uma hist\u00f3ria aut\u00eantica e transformou-a em vinho.<\/strong> Essa invers\u00e3o do processo \u00e9 o seu diferencial nos mercados globais.<\/span><\/p><\/div><\/div><\/div><\/div><\/div><div class=\"wpb_column vc_column_container vc_col-sm-3 liquid-column-6a022e692a44f\"><div class=\"vc_column-inner\"><div class=\"wpb_wrapper\"   ><div class=\"wpb_wrapper-inner\"><\/div><\/div><\/div><\/div><\/div><\/div><\/section><div class=\"vc_row-full-width vc_clearfix\"><\/div><section class=\"vc_row wpb_row vc_row-fluid liquid-row-shadowbox-6a022e692a554 vc_column-gap-0 vc_row-o-content-middle vc_row-flex\"><div class=\"ld-container container-fluid\"><div class=\"row ld-row\"><div class=\"wpb_column vc_column_container vc_col-sm-6 liquid-column-6a022e692a64e vc_col-has-fill\"><div class=\"vc_column-inner\"><div class=\"wpb_wrapper vc_custom_1773849369233\"   ><div class=\"wpb_wrapper-inner\"><style>.ld_fancy_heading_6a022e692a706 h3{color:rgb(68, 0, 113);}.ld_fancy_heading_6a022e692a706 .lqd-highlight-inner{bottom:0px;}<\/style><div class=\"ld-fancy-heading ld_fancy_heading_6a022e692a706\">\n\t<h3 class=\"lqd-highlight-underline lqd-highlight-grow-left\" ><span class=\"ld-fh-txt\"> O que a maioria faz<\/span><\/h3><\/div><style>.ld_fancy_heading_6a022e692a8f6 p{color:rgb(51, 51, 51);}.ld_fancy_heading_6a022e692a8f6 .lqd-highlight-inner{height:0.275em;bottom:0px;}<\/style><div class=\"ld-fancy-heading ld_fancy_heading_6a022e692a8f6\">\n\t<p class=\"lqd-highlight-underline lqd-highlight-grow-left\" ><span class=\"ld-fh-txt\"> Criar o vinho primeiro. Procurar depois como diferenci\u00e1-lo num mercado saturado. Competir por medalhas e pontua\u00e7\u00f5es de cr\u00edticos. Esperar que o consumidor compreenda a complexidade t\u00e9cnica.<\/span><\/p><\/div><div class=\"vc_empty_space\"   style=\"height: 20px\"><span class=\"vc_empty_space_inner\"><\/span><\/div><style>.ld_fancy_heading_6a022e692aa32 p{color:rgb(51, 51, 51);}.ld_fancy_heading_6a022e692aa32 .lqd-highlight-inner{height:0.275em;bottom:0px;}<\/style><div class=\"ld-fancy-heading ld_fancy_heading_6a022e692aa32\">\n\t<p class=\"lqd-highlight-underline lqd-highlight-grow-left\" ><span class=\"ld-fh-txt\"> <strong>Resultado: <\/strong>Uma marca entre milhares.<\/span><\/p><\/div><\/div><\/div><\/div><\/div><div class=\"wpb_column vc_column_container vc_col-sm-6 liquid-column-6a022e692abb7 vc_col-has-fill\"><div class=\"vc_column-inner\"><div class=\"wpb_wrapper vc_custom_1773849362178\"   ><div class=\"wpb_wrapper-inner\"><style>.ld_fancy_heading_6a022e692ac77 h3{color:rgb(68, 0, 113);}.ld_fancy_heading_6a022e692ac77 .lqd-highlight-inner{bottom:0px;}<\/style><div class=\"ld-fancy-heading ld_fancy_heading_6a022e692ac77\">\n\t<h3 class=\"lqd-highlight-underline lqd-highlight-grow-left\" ><span class=\"ld-fh-txt\"> O que a MIU fez<\/span><\/h3><\/div><style>.ld_fancy_heading_6a022e692ad55 p{color:rgb(51, 51, 51);}.ld_fancy_heading_6a022e692ad55 .lqd-highlight-inner{height:0.275em;bottom:0px;}<\/style><div class=\"ld-fancy-heading ld_fancy_heading_6a022e692ad55\">\n\t<p class=\"lqd-highlight-underline lqd-highlight-grow-left\" ><span class=\"ld-fh-txt\"> Viver uma hist\u00f3ria aut\u00eantica primeiro. Construir uma fam\u00edlia com galgos resgatados anos antes de criar vinhos. Transformar essa vida partilhada numa marca. Conectar emocionalmente com as pessoas.<\/span><\/p><\/div><div class=\"vc_empty_space\"   style=\"height: 20px\"><span class=\"vc_empty_space_inner\"><\/span><\/div><style>.ld_fancy_heading_6a022e692ae6b p{color:rgb(51, 51, 51);}.ld_fancy_heading_6a022e692ae6b .lqd-highlight-inner{height:0.275em;bottom:0px;}<\/style><div class=\"ld-fancy-heading ld_fancy_heading_6a022e692ae6b\">\n\t<p class=\"lqd-highlight-underline lqd-highlight-grow-left\" ><span class=\"ld-fh-txt\"> <strong>Resultado:<\/strong> Diferencial que gera vendas.<\/span><\/p><\/div><\/div><\/div><\/div><\/div><\/div><\/div><\/section><div class=\"vc_row-full-width vc_clearfix\"><\/div><section data-bg-image=\"url\" class=\"vc_row wpb_row vc_row-fluid vc_custom_1773849244798 row-contains-padding-top row-contains-padding-bottom liquid-row-shadowbox-6a022e692b039 vc_row-has-fill vc_row-has-bg\"><div class=\"ld-container container\"><div class=\"row ld-row\"><div class=\"wpb_column vc_column_container vc_col-sm-12 liquid-column-6a022e692b17f\"><div class=\"vc_column-inner\"><div class=\"wpb_wrapper\"   ><div class=\"wpb_wrapper-inner\"><div class=\"vc_row wpb_row vc_inner vc_row-fluid vc_custom_1771500723233 liquid-row-shadowbox-6a022e692b29b vc_column-gap-10\"><div class=\"wpb_column vc_column_container vc_col-sm-2 liquid-column-6a022e692b3fe\"><div class=\"vc_column-inner\"><div class=\"wpb_wrapper\"  ><div class=\"wpb_wrapper-inner\"><\/div><\/div><\/div><\/div><div class=\"wpb_column vc_column_container vc_col-sm-8 text-center liquid-column-6a022e692b4ce\"><div class=\"vc_column-inner\"><div class=\"wpb_wrapper\"  ><div class=\"wpb_wrapper-inner\"><style>.ld_fancy_heading_6a022e692b5a1 h2{color:rgb(68, 0, 113);}.ld_fancy_heading_6a022e692b5a1 .lqd-highlight-inner{bottom:0px;}<\/style><div class=\"ld-fancy-heading ld_fancy_heading_6a022e692b5a1\">\n\t<h2 class=\"lqd-highlight-underline lqd-highlight-grow-left\" ><span class=\"ld-fh-txt\"> 3 raz\u00f5es para escolher a MIU<\/span><\/h2><\/div><style>.ld_fancy_heading_6a022e692b6a8 p{color:rgb(51, 51, 51);}.ld_fancy_heading_6a022e692b6a8 .lqd-highlight-inner{height:0.275em;bottom:0px;}<\/style><div class=\"ld-fancy-heading ld_fancy_heading_6a022e692b6a8\">\n\t<p class=\"lqd-highlight-underline lqd-highlight-grow-left\" ><span class=\"ld-fh-txt\"> Al\u00e9m do vinho, a MIU oferece tr\u00eas elementos que a diferenciam na prateleira e facilitam a venda: hist\u00f3ria aut\u00eantica, impacto visual e conex\u00e3o emocional.<\/span><\/p><\/div><\/div><\/div><\/div><\/div><div class=\"wpb_column vc_column_container vc_col-sm-2 liquid-column-6a022e692b7f5\"><div class=\"vc_column-inner\"><div class=\"wpb_wrapper\"  ><div class=\"wpb_wrapper-inner\"><\/div><\/div><\/div><\/div><\/div><div class=\"vc_row wpb_row vc_inner vc_row-fluid liquid-row-shadowbox-6a022e692b8d3\"><div class=\"wpb_column vc_column_container vc_col-sm-4 liquid-column-6a022e692b9d1\"><div class=\"vc_column-inner\"><div class=\"wpb_wrapper\"  ><div class=\"wpb_wrapper-inner\"><style>.ld_icon_box_6a022e692bae4 .iconbox-icon-container{color:rgb(255, 255, 255);margin-bottom:26px !important;border-radius:px;}.ld_icon_box_6a022e692bae4:hover .iconbox-icon-container{color:rgb(68, 0, 113);}.ld_icon_box_6a022e692bae4 h3{color:#ffda22;margin-bottom:20px;}.ld_icon_box_6a022e692bae4:hover h3{color:#440071;}.ld_icon_box_6a022e692bae4{background:#440071;}.ld_icon_box_6a022e692bae4:before{background:#ffda22;}.ld_icon_box_6a022e692bae4:hover, .ld_icon_box_6a022e692bae4:hover p{color:#440071;}<\/style>\n<div class=\"iconbox iconbox-semiround iconbox-shadow iconbox-xl iconbox-heading-lg iconbox-filled iconbox-filled iconbox-filled-hover ld_icon_box_6a022e692bae4 vc_custom_1771502762263\" id=\"ld_icon_box_6a022e692bae4\"  data-plugin-options='{\"color\":\"rgb(255, 255, 255)\",\"hoverColor\":\"rgb(68, 0, 113)\"}'  >\n\t\n\t\t<div class=\"iconbox-icon-wrap\"><span class=\"iconbox-icon-container\"><i class=\"icon-num-1\"><\/i><\/span><\/div><!-- \/.iconbox-icon-wrap -->\t\n\t\t\n\t<div class=\"contents\">\t\n\t<h3>As pessoas compram hist\u00f3rias<\/h3>\t<p><span style=\"color: #ffffff\">Num mercado de vinhos muito competitivo, as marcas com uma hist\u00f3ria real geram lealdade nos consumidores. A Miu tem essa hist\u00f3ria aut\u00eantica.<\/span><\/p>\n\t\t\n\t<\/div>\t\n\t\n<\/div>\n<\/div><\/div><\/div><\/div><div class=\"wpb_column vc_column_container vc_col-sm-4 liquid-column-6a022e692bf4c\"><div class=\"vc_column-inner\"><div class=\"wpb_wrapper\"  ><div class=\"wpb_wrapper-inner\"><style>.ld_icon_box_6a022e692c04e .iconbox-icon-container{color:rgb(255, 255, 255);margin-bottom:26px !important;border-radius:px;}.ld_icon_box_6a022e692c04e:hover .iconbox-icon-container{color:#440071;}.ld_icon_box_6a022e692c04e h3{color:#ffda22;margin-bottom:20px;}.ld_icon_box_6a022e692c04e:hover h3{color:#440071;}.ld_icon_box_6a022e692c04e{background:#440071;}.ld_icon_box_6a022e692c04e:before{background:#ffda22;}.ld_icon_box_6a022e692c04e:hover, .ld_icon_box_6a022e692c04e:hover p{color:#440071;}<\/style>\n<div class=\"iconbox iconbox-semiround iconbox-shadow iconbox-xl iconbox-heading-lg iconbox-filled iconbox-filled iconbox-filled-hover ld_icon_box_6a022e692c04e vc_custom_1773855873207\" id=\"ld_icon_box_6a022e692c04e\"  data-plugin-options='{\"color\":\"rgb(255, 255, 255)\",\"hoverColor\":\"#440071\"}'  >\n\t\n\t\t<div class=\"iconbox-icon-wrap\"><span class=\"iconbox-icon-container\"><i class=\"icon-num-2\"><\/i><\/span><\/div><!-- \/.iconbox-icon-wrap -->\t\n\t\t\n\t<div class=\"contents\">\t\n\t<h3>Capta a aten\u00e7\u00e3o em segundos<\/h3>\t<p><span style=\"color: #ffffff\">El galgo en la etiqueta genera curiosidad inmediata. En el punto de venta, MIU se destaca visualmente y abre la conversaci\u00f3n de forma natural.<\/span><\/p>\n\t\t\n\t<\/div>\t\n\t\n<\/div>\n<\/div><\/div><\/div><\/div><div class=\"wpb_column vc_column_container vc_col-sm-4 liquid-column-6a022e692c52c\"><div class=\"vc_column-inner\"><div class=\"wpb_wrapper\"  ><div class=\"wpb_wrapper-inner\"><style>.ld_icon_box_6a022e692c663 .iconbox-icon-container{color:rgb(255, 255, 255);margin-bottom:26px !important;border-radius:px;}.ld_icon_box_6a022e692c663:hover .iconbox-icon-container{color:#440071;}.ld_icon_box_6a022e692c663 h3{color:#ffda22;margin-bottom:20px;}.ld_icon_box_6a022e692c663:hover h3{color:#440071;}.ld_icon_box_6a022e692c663{background:#440071;}.ld_icon_box_6a022e692c663:before{background:#ffda22;}.ld_icon_box_6a022e692c663:hover, .ld_icon_box_6a022e692c663:hover p{color:#440071;}<\/style>\n<div class=\"iconbox iconbox-semiround iconbox-shadow iconbox-xl iconbox-heading-lg iconbox-filled iconbox-filled iconbox-filled-hover ld_icon_box_6a022e692c663 vc_custom_1771502781457\" id=\"ld_icon_box_6a022e692c663\"  data-plugin-options='{\"color\":\"rgb(255, 255, 255)\",\"hoverColor\":\"#440071\"}'  >\n\t\n\t\t<div class=\"iconbox-icon-wrap\"><span class=\"iconbox-icon-container\"><i class=\"icon-num-3\"><\/i><\/span><\/div><!-- \/.iconbox-icon-wrap -->\t\n\t\t\n\t<div class=\"contents\">\t\n\t<h3>Vinhos que conectam emocionalmente<\/h3>\t<p><span style=\"color: #ffffff\">Frescos, jovens e f\u00e1ceis de beber. Com uma causa que o consumidor pode verificar, partilhar com orgulho e apoiar genuinamente.<\/span><\/p>\n\t\t\n\t<\/div>\t\n\t\n<\/div>\n<\/div><\/div><\/div><\/div><\/div><\/div><\/div><\/div><\/div><\/div><\/div><\/section><section data-bg-image=\"url\" class=\"vc_row wpb_row vc_row-fluid vc_custom_1775123218642 row-contains-padding-top row-contains-padding-bottom liquid-row-shadowbox-6a022e692cae4 vc_row-has-fill vc_row-has-bg vc_column-gap-35\"><div class=\"liquid-row-overlay\" style=\"background:rgba(28, 0, 46, 0.8)\"><\/div><div class=\"ld-container container-fluid\"><div class=\"row ld-row\"><div class=\"wpb_column vc_column_container vc_col-sm-3 liquid-column-6a022e692cc1d\"><div class=\"vc_column-inner\"><div class=\"wpb_wrapper\"   ><div class=\"wpb_wrapper-inner\"><\/div><\/div><\/div><\/div><div class=\"wpb_column vc_column_container vc_col-sm-6 text-center liquid-column-6a022e692cd02\"><div class=\"vc_column-inner\"><div class=\"wpb_wrapper\"   ><div class=\"wpb_wrapper-inner\"><style>.ld_fancy_heading_6a022e692cdb4 h3{color:rgb(255, 243, 192);}.ld_fancy_heading_6a022e692cdb4 .lqd-highlight-inner{height:0.275em;bottom:0px;}<\/style><div class=\"ld-fancy-heading ld_fancy_heading_6a022e692cdb4\">\n\t<h3 class=\"lqd-highlight-underline lqd-highlight-grow-left\" ><span class=\"ld-fh-txt\"> Uma marca argentina que compete globalmente<\/span><\/h3><\/div><style>.ld_fancy_heading_6a022e692d10d p{color:rgb(255, 255, 255);}.ld_fancy_heading_6a022e692d10d .lqd-highlight-inner{height:0.275em;bottom:0px;}<\/style><div class=\"ld-fancy-heading ld_fancy_heading_6a022e692d10d\">\n\t<p class=\"lqd-highlight-underline lqd-highlight-grow-left\" ><span class=\"ld-fh-txt\"> A Argentina tem prest\u00edgio global em vinhos. A MIU acrescenta algo que nenhuma outra marca pode replicar: uma fundadora que resgatou galgos anos antes de criar o seu primeiro vinho. A causa n\u00e3o \u00e9 marketing. \u00c9 a raz\u00e3o de ser.<\/span><\/p><\/div><div class=\"vc_empty_space\"   style=\"height: 20px\"><span class=\"vc_empty_space_inner\"><\/span><\/div><style>.ld_button_6a022e692d661.btn-icon-solid .btn-icon{background:#ffda22;}.ld_button_6a022e692d661.btn-icon-circle.btn-icon-ripple .btn-icon:before{border-color:#ffda22;}.ld_button_6a022e692d661.btn-icon-solid:hover .btn-icon{background:#440071;}.ld_button_6a022e692d661{background-color:#ffda22;border-color:#ffda22;color:#440071;font-size:14px !important;font-weight:600 !important;letter-spacing:1px !important;}.ld_button_6a022e692d661:hover{background-color:#440071;border-color:#440071;color:#fafad4;}.ld_button_6a022e692d661 .btn-gradient-bg-hover{background:-webkit-linear-gradient(to right, #440071 0%, #440071 100%);background:linear-gradient(to right, #440071 0%, #440071 100%);}.ld_button_6a022e692d661 .btn-gradient-border defs stop:first-child{stop-color:#ffda22;}.ld_button_6a022e692d661 .btn-gradient-border defs stop:last-child{stop-color:#ffda22;}.ld_button_6a022e692d661:hover .btn-gradient-border defs stop:first-child{stop-color:#440071;}.ld_button_6a022e692d661:hover .btn-gradient-border defs stop:last-child{stop-color:#440071;}<\/style><a href=\"https:\/\/miuvinos.com\/pt\/contacto\/\" title=\"Contacto\" class=\"btn btn-solid text-uppercase btn-md round btn-bordered border-thin ld_button_6a022e692d661\">\n\t<span>\n\t\t\n\t\t\t\t\t<span class=\"btn-txt\">Quero entrar em contacto \u2192<\/span>\n\t\t\t\n\t\t\t\t<\/span>\n<\/a>\n<\/div><\/div><\/div><\/div><div class=\"wpb_column vc_column_container vc_col-sm-3 liquid-column-6a022e692dbd8\"><div class=\"vc_column-inner\"><div class=\"wpb_wrapper\"   ><div class=\"wpb_wrapper-inner\"><\/div><\/div><\/div><\/div><\/div><\/div><\/section><div class=\"vc_row-full-width vc_clearfix\"><\/div>\n<\/div>","protected":false},"excerpt":{"rendered":"Una marca que se construy\u00f3 al rev\u00e9s La industria crea vinos y despu\u00e9s busca historias...","protected":false},"author":1,"featured_media":0,"parent":0,"menu_order":0,"comment_status":"closed","ping_status":"closed","template":"","meta":{"footnotes":""},"class_list":["post-426","page","type-page","status-publish","hentry"],"_links":{"self":[{"href":"https:\/\/miuvinos.com\/pt\/wp-json\/wp\/v2\/pages\/426","targetHints":{"allow":["GET"]}}],"collection":[{"href":"https:\/\/miuvinos.com\/pt\/wp-json\/wp\/v2\/pages"}],"about":[{"href":"https:\/\/miuvinos.com\/pt\/wp-json\/wp\/v2\/types\/page"}],"author":[{"embeddable":true,"href":"https:\/\/miuvinos.com\/pt\/wp-json\/wp\/v2\/users\/1"}],"replies":[{"embeddable":true,"href":"https:\/\/miuvinos.com\/pt\/wp-json\/wp\/v2\/comments?post=426"}],"version-history":[{"count":43,"href":"https:\/\/miuvinos.com\/pt\/wp-json\/wp\/v2\/pages\/426\/revisions"}],"predecessor-version":[{"id":516,"href":"https:\/\/miuvinos.com\/pt\/wp-json\/wp\/v2\/pages\/426\/revisions\/516"}],"wp:attachment":[{"href":"https:\/\/miuvinos.com\/pt\/wp-json\/wp\/v2\/media?parent=426"}],"curies":[{"name":"wp","href":"https:\/\/api.w.org\/{rel}","templated":true}]}}