{"id":369,"date":"2026-03-10T10:44:24","date_gmt":"2026-03-10T13:44:24","guid":{"rendered":"https:\/\/beverium.com\/miuvinos\/?page_id=369"},"modified":"2026-04-02T06:43:22","modified_gmt":"2026-04-02T09:43:22","slug":"nuestra-historia","status":"publish","type":"page","link":"https:\/\/miuvinos.com\/pt\/nuestra-historia\/","title":{"rendered":"Nossa hist\u00f3ria"},"content":{"rendered":"<div class=\"wpb-content-wrapper\"><section data-bg-image=\"url\" class=\"vc_row wpb_row vc_row-fluid vc_custom_1775122981074 liquid-row-shadowbox-6a023047d0492 vc_row-has-fill vc_row-has-bg vc_column-gap-35 vc_row-o-full-height vc_row-o-columns-middle vc_row-flex\"><div class=\"liquid-row-overlay\" style=\"background:rgba(28, 0, 46, 0.7)\"><\/div><div class=\"ld-container container-fluid\"><div class=\"row ld-row\"><div class=\"wpb_column vc_column_container vc_col-sm-3 liquid-column-6a023047d06c8\"><div class=\"vc_column-inner\"><div class=\"wpb_wrapper\"   ><div class=\"wpb_wrapper-inner\"><\/div><\/div><\/div><\/div><div class=\"wpb_column vc_column_container vc_col-sm-6 text-center liquid-column-6a023047d07b5\"><div class=\"vc_column-inner\"><div class=\"wpb_wrapper\"   ><div class=\"wpb_wrapper-inner\"><div class=\"vc_empty_space\"   style=\"height: 20px\"><span class=\"vc_empty_space_inner\"><\/span><\/div><style>.ld_fancy_heading_6a023047d0931 h1{color:rgb(255, 243, 192);}.ld_fancy_heading_6a023047d0931 .lqd-highlight-inner{height:0.275em;bottom:0px;}<\/style><div class=\"ld-fancy-heading ld_fancy_heading_6a023047d0931\">\n\t<h1 class=\"lqd-highlight-underline lqd-highlight-grow-left\" ><span class=\"ld-fh-txt\"> Tudo come\u00e7ou com a Miu, uma galga resgatada<\/span><\/h1><\/div><style>.ld_fancy_heading_6a023047d10ff p{color:rgb(255, 255, 255);}.ld_fancy_heading_6a023047d10ff .lqd-highlight-inner{height:0.275em;bottom:0px;}<\/style><div class=\"ld-fancy-heading ld_fancy_heading_6a023047d10ff\">\n\t<p class=\"lqd-highlight-underline lqd-highlight-grow-left\" ><span class=\"ld-fh-txt\"> <strong>Daniela Arias, fundadora da Miu Vinos, nunca pensou em criar uma marca de vinhos.<\/strong> Procurava apenas salvar uma galga dos maus-tratos. O que descobriu foi uma transforma\u00e7\u00e3o rec\u00edproca. Os galgos devolveram-lhe a capacidade de acreditar, de renascer no amor e de criar algo completamente novo juntos.<\/span><\/p><\/div><\/div><\/div><\/div><\/div><div class=\"wpb_column vc_column_container vc_col-sm-3 liquid-column-6a023047d1507\"><div class=\"vc_column-inner\"><div class=\"wpb_wrapper\"   ><div class=\"wpb_wrapper-inner\"><\/div><\/div><\/div><\/div><\/div><\/div><\/section><div class=\"vc_row-full-width vc_clearfix\"><\/div><section data-bg-image=\"url\" class=\"vc_row wpb_row vc_row-fluid vc_custom_1773151736672 row-contains-padding-top row-contains-padding-bottom liquid-row-shadowbox-6a023047d1603 vc_row-has-fill vc_row-has-bg vc_row-o-content-top vc_row-flex\"><div class=\"ld-container container\"><div class=\"row ld-row\"><div class=\"wpb_column vc_column_container vc_col-sm-2 text-center liquid-column-6a023047d1711\"><div class=\"vc_column-inner\"><div class=\"wpb_wrapper\"   ><div class=\"wpb_wrapper-inner\"><\/div><\/div><\/div><\/div><div class=\"wpb_column vc_column_container vc_col-sm-8 text-center liquid-column-6a023047d17f4\"><div class=\"vc_column-inner\"><div class=\"wpb_wrapper\"   ><div class=\"wpb_wrapper-inner\"><style>.ld_fancy_heading_6a023047d18ab h2{color:rgb(68, 0, 113);}.ld_fancy_heading_6a023047d18ab .lqd-highlight-inner{bottom:0px;}<\/style><div class=\"ld-fancy-heading ld_fancy_heading_6a023047d18ab\">\n\t<h2 class=\"lqd-highlight-underline lqd-highlight-grow-left\" ><span class=\"ld-fh-txt\"> A hist\u00f3ria desde o come\u00e7o<\/span><\/h2><\/div><\/div><\/div><\/div><\/div><div class=\"wpb_column vc_column_container vc_col-sm-2 text-center liquid-column-6a023047d1aef\"><div class=\"vc_column-inner\"><div class=\"wpb_wrapper\"   ><div class=\"wpb_wrapper-inner\"><\/div><\/div><\/div><\/div><\/div><\/div><\/section><section data-bg-image=\"url\" class=\"vc_row wpb_row vc_row-fluid vc_custom_1773154255292 row-contains-padding-top row-contains-padding-bottom liquid-row-shadowbox-6a023047d1be3 vc_row-has-fill vc_row-has-bg vc_column-gap-20 vc_row-o-content-top vc_row-flex\"><div class=\"ld-container container-fluid\"><div class=\"row ld-row\"><div class=\"wpb_column vc_column_container vc_col-sm-1\/5 text-center liquid-column-6a023047d1ce6\"><div class=\"vc_column-inner\"><div class=\"wpb_wrapper\"   ><div class=\"wpb_wrapper-inner\"><style>.ld_fancy_heading_6a023047d1d8a h4{color:#f2940c;}.ld_fancy_heading_6a023047d1d8a .lqd-highlight-inner{bottom:0px;}<\/style><div class=\"ld-fancy-heading ld_fancy_heading_6a023047d1d8a\">\n\t<h4 class=\"lqd-highlight-underline lqd-highlight-grow-left\" ><span class=\"ld-fh-txt\"> 2016<\/span><\/h4><\/div><style>.ld_fancy_heading_6a023047d1e65 p{color:rgb(51, 51, 51);}.ld_fancy_heading_6a023047d1e65 .lqd-highlight-inner{height:0.275em;bottom:0px;}<\/style><div class=\"ld-fancy-heading ld_fancy_heading_6a023047d1e65\">\n\t<p class=\"lqd-highlight-underline lqd-highlight-grow-left\" ><span class=\"ld-fh-txt\"> Resgate da Miu e da Esperanza. Nasce o resgate m\u00fatuo.<\/span><\/p><\/div><\/div><\/div><\/div><\/div><div class=\"wpb_column vc_column_container vc_col-sm-1\/5 text-center liquid-column-6a023047d1f9a\"><div class=\"vc_column-inner\"><div class=\"wpb_wrapper\"   ><div class=\"wpb_wrapper-inner\"><style>.ld_fancy_heading_6a023047d203f h4{color:#f2940c;}.ld_fancy_heading_6a023047d203f .lqd-highlight-inner{bottom:0px;}<\/style><div class=\"ld-fancy-heading ld_fancy_heading_6a023047d203f\">\n\t<h4 class=\"lqd-highlight-underline lqd-highlight-grow-left\" ><span class=\"ld-fh-txt\"> 2017<\/span><\/h4><\/div><style>.ld_fancy_heading_6a023047d2110 p{color:rgb(51, 51, 51);}.ld_fancy_heading_6a023047d2110 .lqd-highlight-inner{height:0.275em;bottom:0px;}<\/style><div class=\"ld-fancy-heading ld_fancy_heading_6a023047d2110\">\n\t<p class=\"lqd-highlight-underline lqd-highlight-grow-left\" ><span class=\"ld-fh-txt\"> Resgate da Wara e do Hunuc. A fam\u00edlia est\u00e1 completa.<\/span><\/p><\/div><\/div><\/div><\/div><\/div><div class=\"wpb_column vc_column_container vc_col-sm-1\/5 text-center liquid-column-6a023047d222f\"><div class=\"vc_column-inner\"><div class=\"wpb_wrapper\"   ><div class=\"wpb_wrapper-inner\"><style>.ld_fancy_heading_6a023047d22d2 h4{color:#f2940c;}.ld_fancy_heading_6a023047d22d2 .lqd-highlight-inner{bottom:0px;}<\/style><div class=\"ld-fancy-heading ld_fancy_heading_6a023047d22d2\">\n\t<h4 class=\"lqd-highlight-underline lqd-highlight-grow-left\" ><span class=\"ld-fh-txt\"> 2020<\/span><\/h4><\/div><style>.ld_fancy_heading_6a023047d23aa p{color:rgb(51, 51, 51);}.ld_fancy_heading_6a023047d23aa .lqd-highlight-inner{height:0.275em;bottom:0px;}<\/style><div class=\"ld-fancy-heading ld_fancy_heading_6a023047d23aa\">\n\t<p class=\"lqd-highlight-underline lqd-highlight-grow-left\" ><span class=\"ld-fh-txt\"> Nasce a Miu Vinos: uma hist\u00f3ria real torna-se uma marca.<\/span><\/p><\/div><\/div><\/div><\/div><\/div><div class=\"wpb_column vc_column_container vc_col-sm-1\/5 text-center liquid-column-6a023047d24cc\"><div class=\"vc_column-inner\"><div class=\"wpb_wrapper\"   ><div class=\"wpb_wrapper-inner\"><style>.ld_fancy_heading_6a023047d256e h4{color:#f2940c;}.ld_fancy_heading_6a023047d256e .lqd-highlight-inner{bottom:0px;}<\/style><div class=\"ld-fancy-heading ld_fancy_heading_6a023047d256e\">\n\t<h4 class=\"lqd-highlight-underline lqd-highlight-grow-left\" ><span class=\"ld-fh-txt\"> 2021 &#8211; 2022<\/span><\/h4><\/div><style>.ld_fancy_heading_6a023047d263c p{color:rgb(51, 51, 51);}.ld_fancy_heading_6a023047d263c .lqd-highlight-inner{height:0.275em;bottom:0px;}<\/style><div class=\"ld-fancy-heading ld_fancy_heading_6a023047d263c\">\n\t<p class=\"lqd-highlight-underline lqd-highlight-grow-left\" ><span class=\"ld-fh-txt\"> Nasce o Miu Malbec e \u00e9 exportado para o Paraguai. A Miu cruza fronteiras.<\/span><\/p><\/div><\/div><\/div><\/div><\/div><div class=\"wpb_column vc_column_container vc_col-sm-1\/5 text-center liquid-column-6a023047d275d\"><div class=\"vc_column-inner\"><div class=\"wpb_wrapper\"   ><div class=\"wpb_wrapper-inner\"><style>.ld_fancy_heading_6a023047d2803 h4{color:#f2940c;}.ld_fancy_heading_6a023047d2803 .lqd-highlight-inner{bottom:0px;}<\/style><div class=\"ld-fancy-heading ld_fancy_heading_6a023047d2803\">\n\t<h4 class=\"lqd-highlight-underline lqd-highlight-grow-left\" ><span class=\"ld-fh-txt\"> 2025<\/span><\/h4><\/div><style>.ld_fancy_heading_6a023047d28ce p{color:rgb(51, 51, 51);}.ld_fancy_heading_6a023047d28ce .lqd-highlight-inner{height:0.275em;bottom:0px;}<\/style><div class=\"ld-fancy-heading ld_fancy_heading_6a023047d28ce\">\n\t<p class=\"lqd-highlight-underline lqd-highlight-grow-left\" ><span class=\"ld-fh-txt\"> Lan\u00e7amento do Miu Rosado. Dupla Medalha de Ouro Vinus 2025.<\/span><\/p><\/div><\/div><\/div><\/div><\/div><\/div><\/div><\/section><div class=\"vc_row-full-width vc_clearfix\"><\/div><section class=\"vc_row wpb_row vc_row-fluid liquid-row-shadowbox-6a023047d2a42 vc_column-gap-0 vc_row-o-content-middle vc_row-flex\"><div class=\"ld-container container-fluid\"><div class=\"row ld-row\"><div class=\"wpb_column vc_column_container vc_col-sm-6 liquid-column-6a023047d2b43\"><div class=\"vc_column-inner\"><div class=\"wpb_wrapper vc_custom_1771513824308\"   ><div class=\"wpb_wrapper-inner\">\n\t<div  class=\"wpb_single_image wpb_content_element vc_align_left  liquid_vc_single_image-6a023047e189d\">\n\t\t\n\t\t<figure class=\"wpb_wrapper vc_figure\">\n\t\t\t<div class=\"vc_single_image-wrapper   vc_box_border_grey\"><img loading=\"lazy\" decoding=\"async\" width=\"1080\" height=\"1080\" src=\"data:image\/svg+xml;charset=utf-8,&lt;svg xmlns%3D&#039;http%3A%2F%2Fwww.w3.org%2F2000%2Fsvg&#039; viewBox%3D&#039;0 0 1080 1080&#039;%2F&gt;\" class=\"vc_single_image-img attachment-full ld-lazyload\" alt=\"\" title=\"miuvinos-DaniGalgos-2\" srcset=\"\" sizes=\"auto, (max-width: 1080px) 100vw, 1080px\" data-src=\"https:\/\/miuvinos.com\/wp-content\/uploads\/2026\/03\/miuvinos-DaniGalgos-2.jpg\" data-srcset=\"https:\/\/miuvinos.com\/wp-content\/uploads\/2026\/03\/miuvinos-DaniGalgos-2.jpg 1080w, https:\/\/miuvinos.com\/wp-content\/uploads\/2026\/03\/miuvinos-DaniGalgos-2-300x300.jpg 300w, https:\/\/miuvinos.com\/wp-content\/uploads\/2026\/03\/miuvinos-DaniGalgos-2-1024x1024.jpg 1024w, https:\/\/miuvinos.com\/wp-content\/uploads\/2026\/03\/miuvinos-DaniGalgos-2-150x150.jpg 150w, https:\/\/miuvinos.com\/wp-content\/uploads\/2026\/03\/miuvinos-DaniGalgos-2-12x12.jpg 12w\" data-aspect=\"1\" \/><\/div>\n\t\t<\/figure>\n\t<\/div>\n<\/div><\/div><\/div><\/div><div class=\"wpb_column vc_column_container vc_col-sm-6 liquid-column-6a023047e1aa8\"><div class=\"vc_column-inner\"><div class=\"wpb_wrapper vc_custom_1771511256309\"   ><div class=\"wpb_wrapper-inner\"><style>.ld_fancy_heading_6a023047e1bff h2{color:rgb(68, 0, 113);}.ld_fancy_heading_6a023047e1bff .lqd-highlight-inner{bottom:0px;}<\/style><div class=\"ld-fancy-heading ld_fancy_heading_6a023047e1bff\">\n\t<h2 class=\"lqd-highlight-underline lqd-highlight-grow-left\" ><span class=\"ld-fh-txt\"> As segundas oportunidades transformam vidas<\/span><\/h2><\/div><style>.ld_fancy_heading_6a023047e1daa p{color:rgb(51, 51, 51);}.ld_fancy_heading_6a023047e1daa .lqd-highlight-inner{height:0.275em;bottom:0px;}<\/style><div class=\"ld-fancy-heading ld_fancy_heading_6a023047e1daa\">\n\t<p class=\"lqd-highlight-underline lqd-highlight-grow-left\" ><span class=\"ld-fh-txt\"> Os galgos ensinaram \u00e0 Daniela que, mesmo depois da dor, \u00e9 poss\u00edvel escolher confiar, amar e renascer. Quando d\u00e1 amor a um galgo resgatado, recebe infinitamente mais do que entrega. <strong>Ao escolher uma marca com um prop\u00f3sito aut\u00eantico, obt\u00e9m algo que vai muito al\u00e9m do produto.<\/strong><\/span><\/p><\/div><div class=\"vc_empty_space\"   style=\"height: 20px\"><span class=\"vc_empty_space_inner\"><\/span><\/div><style>.ld_fancy_heading_6a023047e1fb6 p{color:rgb(51, 51, 51);}.ld_fancy_heading_6a023047e1fb6 .lqd-highlight-inner{height:0.275em;bottom:0px;}<\/style><div class=\"ld-fancy-heading ld_fancy_heading_6a023047e1fb6\">\n\t<p class=\"lqd-highlight-underline lqd-highlight-grow-left\" ><span class=\"ld-fh-txt\"> Essa filosofia \u00e9 a Miu Vinos: honrar a vida, abra\u00e7ar o renascer e transformar o amor em prop\u00f3sito.<\/span><\/p><\/div><\/div><\/div><\/div><\/div><\/div><\/div><\/section><div class=\"vc_row-full-width vc_clearfix\"><\/div><section class=\"vc_row wpb_row vc_row-fluid liquid-row-shadowbox-6a023047e21ee vc_column-gap-0 vc_row-o-content-middle vc_row-flex\"><div class=\"ld-container container-fluid\"><div class=\"row ld-row\"><div class=\"wpb_column vc_column_container vc_col-sm-6 liquid-column-6a023047e2395\"><div class=\"vc_column-inner\"><div class=\"wpb_wrapper vc_custom_1773153099210\"   ><div class=\"wpb_wrapper-inner\"><style>.ld_fancy_heading_6a023047e24aa h2{color:rgb(68, 0, 113);}.ld_fancy_heading_6a023047e24aa .lqd-highlight-inner{bottom:0px;}<\/style><div class=\"ld-fancy-heading ld_fancy_heading_6a023047e24aa\">\n\t<h2 class=\"lqd-highlight-underline lqd-highlight-grow-left\" ><span class=\"ld-fh-txt\"> Os galgos hoje<\/span><\/h2><\/div><style>.ld_fancy_heading_6a023047e2617 p{color:rgb(51, 51, 51);}.ld_fancy_heading_6a023047e2617 .lqd-highlight-inner{height:0.275em;bottom:0px;}<\/style><div class=\"ld-fancy-heading ld_fancy_heading_6a023047e2617\">\n\t<p class=\"lqd-highlight-underline lqd-highlight-grow-left\" ><span class=\"ld-fh-txt\"> Milhares de galgos s\u00e3o v\u00edtimas da neglig\u00eancia humana todos os anos. Explorados em corridas ilegais e ca\u00e7adas indiscriminadas, s\u00e3o maltratados e abandonados quando j\u00e1 n\u00e3o servem.<\/span><\/p><\/div><div class=\"vc_empty_space\"   style=\"height: 20px\"><span class=\"vc_empty_space_inner\"><\/span><\/div><style>.ld_fancy_heading_6a023047e27dd p{color:rgb(51, 51, 51);}.ld_fancy_heading_6a023047e27dd .lqd-highlight-inner{height:0.275em;bottom:0px;}<\/style><div class=\"ld-fancy-heading ld_fancy_heading_6a023047e27dd\">\n\t<p class=\"lqd-highlight-underline lqd-highlight-grow-left\" ><span class=\"ld-fh-txt\"> <strong>A Miu Vinos gera consci\u00eancia sobre a sua situa\u00e7\u00e3o.<\/strong> Cada garrafa vendida \u00e9 uma oportunidade de contar a sua hist\u00f3ria. Cada conversa abre a possibilidade de que algu\u00e9m adote, doe ou simplesmente compreenda.<\/span><\/p><\/div><div class=\"vc_empty_space\"   style=\"height: 20px\"><span class=\"vc_empty_space_inner\"><\/span><\/div><style>.ld_fancy_heading_6a023047e29ba p{color:rgb(51, 51, 51);}.ld_fancy_heading_6a023047e29ba .lqd-highlight-inner{height:0.275em;bottom:0px;}<\/style><div class=\"ld-fancy-heading ld_fancy_heading_6a023047e29ba\">\n\t<p class=\"lqd-highlight-underline lqd-highlight-grow-left\" ><span class=\"ld-fh-txt\"> <strong>O resgate m\u00fatuo n\u00e3o termina com a Daniela e a Miu. Replica-se em cada pessoa que escolhe esta marca.<\/strong><\/span><\/p><\/div><\/div><\/div><\/div><\/div><div class=\"wpb_column vc_column_container vc_col-sm-6 liquid-column-6a023047e2bbe\"><div class=\"vc_column-inner\"><div class=\"wpb_wrapper vc_custom_1773153107354\"   ><div class=\"wpb_wrapper-inner\">\n\t<div  class=\"wpb_single_image wpb_content_element vc_align_left  liquid_vc_single_image-6a023047f0877\">\n\t\t\n\t\t<figure class=\"wpb_wrapper vc_figure\">\n\t\t\t<div class=\"vc_single_image-wrapper   vc_box_border_grey\"><img loading=\"lazy\" decoding=\"async\" width=\"1080\" height=\"1080\" src=\"data:image\/svg+xml;charset=utf-8,&lt;svg xmlns%3D&#039;http%3A%2F%2Fwww.w3.org%2F2000%2Fsvg&#039; viewBox%3D&#039;0 0 1080 1080&#039;%2F&gt;\" class=\"vc_single_image-img attachment-full ld-lazyload\" alt=\"\" title=\"miuvinos-maltrato\" srcset=\"\" sizes=\"auto, (max-width: 1080px) 100vw, 1080px\" data-src=\"https:\/\/miuvinos.com\/wp-content\/uploads\/2026\/02\/miuvinos-maltrato.jpg\" data-srcset=\"https:\/\/miuvinos.com\/wp-content\/uploads\/2026\/02\/miuvinos-maltrato.jpg 1080w, https:\/\/miuvinos.com\/wp-content\/uploads\/2026\/02\/miuvinos-maltrato-300x300.jpg 300w, https:\/\/miuvinos.com\/wp-content\/uploads\/2026\/02\/miuvinos-maltrato-1024x1024.jpg 1024w, https:\/\/miuvinos.com\/wp-content\/uploads\/2026\/02\/miuvinos-maltrato-150x150.jpg 150w, https:\/\/miuvinos.com\/wp-content\/uploads\/2026\/02\/miuvinos-maltrato-12x12.jpg 12w\" data-aspect=\"1\" \/><\/div>\n\t\t<\/figure>\n\t<\/div>\n<\/div><\/div><\/div><\/div><\/div><\/div><\/section><div class=\"vc_row-full-width vc_clearfix\"><\/div><section data-bg-image=\"url\" class=\"vc_row wpb_row vc_row-fluid vc_custom_1775122998704 row-contains-padding-top row-contains-padding-bottom liquid-row-shadowbox-6a023047f0a0b vc_row-has-fill vc_row-has-bg vc_column-gap-35\"><div class=\"liquid-row-overlay\" style=\"background:rgba(28, 0, 46, 0.8)\"><\/div><div class=\"ld-container container-fluid\"><div class=\"row ld-row\"><div class=\"wpb_column vc_column_container vc_col-sm-2 liquid-column-6a023047f0b5b\"><div class=\"vc_column-inner\"><div class=\"wpb_wrapper\"   ><div class=\"wpb_wrapper-inner\"><\/div><\/div><\/div><\/div><div class=\"wpb_column vc_column_container vc_col-sm-8 text-center liquid-column-6a023047f0c43\"><div class=\"vc_column-inner\"><div class=\"wpb_wrapper\"   ><div class=\"wpb_wrapper-inner\"><style>.ld_fancy_heading_6a023047f0d02 p{color:rgb(255, 255, 255);}.ld_fancy_heading_6a023047f0d02 .lqd-highlight-inner{height:0.275em;bottom:0px;}<\/style><div class=\"ld-fancy-heading ld_fancy_heading_6a023047f0d02\">\n\t<p class=\"lqd-highlight-underline lqd-highlight-grow-left\" ><span class=\"ld-fh-txt\"> Esta hist\u00f3ria \u00e9 a sua ferramenta de venda mais poderosa. \u00c9 simples, emotiva e real. Os seus vendedores v\u00e3o cont\u00e1-la naturalmente porque ela conecta. Os seus consumidores v\u00e3o partilh\u00e1-la porque apoiam a causa.<\/span><\/p><\/div><div class=\"vc_empty_space\"   style=\"height: 20px\"><span class=\"vc_empty_space_inner\"><\/span><\/div><style>.ld_button_6a023047f0e81.btn-icon-solid .btn-icon{background:#ffda22;}.ld_button_6a023047f0e81.btn-icon-circle.btn-icon-ripple .btn-icon:before{border-color:#ffda22;}.ld_button_6a023047f0e81.btn-icon-solid:hover .btn-icon{background:#440071;}.ld_button_6a023047f0e81{background-color:#ffda22;border-color:#ffda22;color:#440071;font-size:14px !important;font-weight:600 !important;letter-spacing:1px !important;}.ld_button_6a023047f0e81:hover{background-color:#440071;border-color:#440071;color:#fafad4;}.ld_button_6a023047f0e81 .btn-gradient-bg-hover{background:-webkit-linear-gradient(to right, #440071 0%, #440071 100%);background:linear-gradient(to right, #440071 0%, #440071 100%);}.ld_button_6a023047f0e81 .btn-gradient-border defs stop:first-child{stop-color:#ffda22;}.ld_button_6a023047f0e81 .btn-gradient-border defs stop:last-child{stop-color:#ffda22;}.ld_button_6a023047f0e81:hover .btn-gradient-border defs stop:first-child{stop-color:#440071;}.ld_button_6a023047f0e81:hover .btn-gradient-border defs stop:last-child{stop-color:#440071;}<\/style><a href=\"https:\/\/miuvinos.com\/pt\/contacto\/\" title=\"Contacto\" class=\"btn btn-solid text-uppercase btn-md round btn-bordered border-thin ld_button_6a023047f0e81\">\n\t<span>\n\t\t\n\t\t\t\t\t<span class=\"btn-txt\">Trabalhe connosco \u2192<\/span>\n\t\t\t\n\t\t\t\t<\/span>\n<\/a>\n<\/div><\/div><\/div><\/div><div class=\"wpb_column vc_column_container vc_col-sm-2 liquid-column-6a023047f12b4\"><div class=\"vc_column-inner\"><div class=\"wpb_wrapper\"   ><div class=\"wpb_wrapper-inner\"><\/div><\/div><\/div><\/div><\/div><\/div><\/section><div class=\"vc_row-full-width vc_clearfix\"><\/div>\n<\/div>","protected":false},"excerpt":{"rendered":"Todo empez\u00f3 con Miu, una galga rescatada Daniela Arias, fundadora de Miu Vinos, nunca pens\u00f3...","protected":false},"author":1,"featured_media":0,"parent":0,"menu_order":0,"comment_status":"closed","ping_status":"closed","template":"","meta":{"footnotes":""},"class_list":["post-369","page","type-page","status-publish","hentry"],"_links":{"self":[{"href":"https:\/\/miuvinos.com\/pt\/wp-json\/wp\/v2\/pages\/369","targetHints":{"allow":["GET"]}}],"collection":[{"href":"https:\/\/miuvinos.com\/pt\/wp-json\/wp\/v2\/pages"}],"about":[{"href":"https:\/\/miuvinos.com\/pt\/wp-json\/wp\/v2\/types\/page"}],"author":[{"embeddable":true,"href":"https:\/\/miuvinos.com\/pt\/wp-json\/wp\/v2\/users\/1"}],"replies":[{"embeddable":true,"href":"https:\/\/miuvinos.com\/pt\/wp-json\/wp\/v2\/comments?post=369"}],"version-history":[{"count":34,"href":"https:\/\/miuvinos.com\/pt\/wp-json\/wp\/v2\/pages\/369\/revisions"}],"predecessor-version":[{"id":514,"href":"https:\/\/miuvinos.com\/pt\/wp-json\/wp\/v2\/pages\/369\/revisions\/514"}],"wp:attachment":[{"href":"https:\/\/miuvinos.com\/pt\/wp-json\/wp\/v2\/media?parent=369"}],"curies":[{"name":"wp","href":"https:\/\/api.w.org\/{rel}","templated":true}]}}