{"id":346,"date":"2026-02-20T06:57:12","date_gmt":"2026-02-20T09:57:12","guid":{"rendered":"https:\/\/beverium.com\/miuvinos\/?page_id=346"},"modified":"2026-04-02T06:44:42","modified_gmt":"2026-04-02T09:44:42","slug":"nuestros-vinos","status":"publish","type":"page","link":"https:\/\/miuvinos.com\/pt\/nuestros-vinos\/","title":{"rendered":"Nossos vinhos"},"content":{"rendered":"<div class=\"wpb-content-wrapper\"><section data-bg-image=\"url\" class=\"vc_row wpb_row vc_row-fluid vc_custom_1775123060530 liquid-row-shadowbox-6a022d34cd4c1 vc_row-has-fill vc_row-has-bg vc_column-gap-35 vc_row-o-full-height vc_row-o-columns-middle vc_row-flex\"><div class=\"liquid-row-overlay\" style=\"background:rgba(28, 0, 46, 0.7)\"><\/div><div class=\"ld-container container-fluid\"><div class=\"row ld-row\"><div class=\"wpb_column vc_column_container vc_col-sm-3 liquid-column-6a022d34cdc7d\"><div class=\"vc_column-inner\"><div class=\"wpb_wrapper\"   ><div class=\"wpb_wrapper-inner\"><\/div><\/div><\/div><\/div><div class=\"wpb_column vc_column_container vc_col-sm-6 text-center liquid-column-6a022d34cdd76\"><div class=\"vc_column-inner\"><div class=\"wpb_wrapper\"   ><div class=\"wpb_wrapper-inner\"><div class=\"vc_empty_space\"   style=\"height: 20px\"><span class=\"vc_empty_space_inner\"><\/span><\/div><style>.ld_fancy_heading_6a022d34ce085 h1{color:rgb(255, 243, 192);}.ld_fancy_heading_6a022d34ce085 .lqd-highlight-inner{height:0.275em;bottom:0px;}<\/style><div class=\"ld-fancy-heading ld_fancy_heading_6a022d34ce085\">\n\t<h1 class=\"lqd-highlight-underline lqd-highlight-grow-left\" ><span class=\"ld-fh-txt\"> Vinhos frescos, jovens e f\u00e1ceis de beber<\/span><\/h1><\/div><style>.ld_fancy_heading_6a022d34ce862 p{color:rgb(255, 255, 255);}.ld_fancy_heading_6a022d34ce862 .lqd-highlight-inner{height:0.275em;bottom:0px;}<\/style><div class=\"ld-fancy-heading ld_fancy_heading_6a022d34ce862\">\n\t<p class=\"lqd-highlight-underline lqd-highlight-grow-left\" ><span class=\"ld-fh-txt\"> A Miu n\u00e3o compete por medalhas nem pontua\u00e7\u00f5es de cr\u00edticos. Competimos por autenticidade. Os nossos vinhos trazem uma hist\u00f3ria que conecta emocionalmente.<\/span><\/p><\/div><\/div><\/div><\/div><\/div><div class=\"wpb_column vc_column_container vc_col-sm-3 liquid-column-6a022d34cea7b\"><div class=\"vc_column-inner\"><div class=\"wpb_wrapper\"   ><div class=\"wpb_wrapper-inner\"><\/div><\/div><\/div><\/div><\/div><\/div><\/section><div class=\"vc_row-full-width vc_clearfix\"><\/div><section class=\"vc_row wpb_row vc_row-fluid liquid-row-shadowbox-6a022d34ceb6e vc_column-gap-0 vc_row-o-content-middle vc_row-flex\"><div class=\"ld-container container-fluid\"><div class=\"row ld-row\"><div class=\"wpb_column vc_column_container vc_col-sm-6 liquid-column-6a022d34cec6d\"><div class=\"vc_column-inner\"><div class=\"wpb_wrapper vc_custom_1771513824308\"   ><div class=\"wpb_wrapper-inner\">\n\t<div  class=\"wpb_single_image wpb_content_element vc_align_left  liquid_vc_single_image-6a022d34dcaac\">\n\t\t\n\t\t<figure class=\"wpb_wrapper vc_figure\">\n\t\t\t<div class=\"vc_single_image-wrapper   vc_box_border_grey\"><img loading=\"lazy\" decoding=\"async\" width=\"1080\" height=\"1080\" src=\"data:image\/svg+xml;charset=utf-8,&lt;svg xmlns%3D&#039;http%3A%2F%2Fwww.w3.org%2F2000%2Fsvg&#039; viewBox%3D&#039;0 0 1080 1080&#039;%2F&gt;\" class=\"vc_single_image-img attachment-full ld-lazyload\" alt=\"\" title=\"miuvinos-vinomalbec\" srcset=\"\" sizes=\"auto, (max-width: 1080px) 100vw, 1080px\" data-src=\"https:\/\/miuvinos.com\/wp-content\/uploads\/2026\/02\/miuvinos-vinomalbec.jpg\" data-srcset=\"https:\/\/miuvinos.com\/wp-content\/uploads\/2026\/02\/miuvinos-vinomalbec.jpg 1080w, https:\/\/miuvinos.com\/wp-content\/uploads\/2026\/02\/miuvinos-vinomalbec-300x300.jpg 300w, https:\/\/miuvinos.com\/wp-content\/uploads\/2026\/02\/miuvinos-vinomalbec-1024x1024.jpg 1024w, https:\/\/miuvinos.com\/wp-content\/uploads\/2026\/02\/miuvinos-vinomalbec-150x150.jpg 150w, https:\/\/miuvinos.com\/wp-content\/uploads\/2026\/02\/miuvinos-vinomalbec-12x12.jpg 12w\" data-aspect=\"1\" \/><\/div>\n\t\t<\/figure>\n\t<\/div>\n<\/div><\/div><\/div><\/div><div class=\"wpb_column vc_column_container vc_col-sm-6 liquid-column-6a022d34dcc85\"><div class=\"vc_column-inner\"><div class=\"wpb_wrapper vc_custom_1771511256309\"   ><div class=\"wpb_wrapper-inner\"><style>.ld_fancy_heading_6a022d34dcdc5 h2{color:rgb(68, 0, 113);}.ld_fancy_heading_6a022d34dcdc5 .lqd-highlight-inner{bottom:0px;}<\/style><div class=\"ld-fancy-heading ld_fancy_heading_6a022d34dcdc5\">\n\t<h2 class=\"lqd-highlight-underline lqd-highlight-grow-left\" ><span class=\"ld-fh-txt\"> Miu Malbec<\/span><\/h2><\/div><style>.ld_fancy_heading_6a022d34dcf07 p{color:rgb(51, 51, 51);}.ld_fancy_heading_6a022d34dcf07 .lqd-highlight-inner{height:0.275em;bottom:0px;}<\/style><div class=\"ld-fancy-heading ld_fancy_heading_6a022d34dcf07\">\n\t<p class=\"lqd-highlight-underline lqd-highlight-grow-left\" ><span class=\"ld-fh-txt\"> Malbec 100% de Maip\u00fa, Mendoza. Cor vermelho-rubi brilhante, aromas a ameixa madura e especiarias subtis. Taninos macios, entrada doce, final m\u00e9dio e agrad\u00e1vel. Um vinho vers\u00e1til para qualquer ocasi\u00e3o.<\/span><\/p><\/div><div class=\"vc_separator wpb_content_element vc_separator_align_center vc_sep_width_100 vc_sep_pos_align_center vc_separator_no_text vc_sep_color_grey vc_custom_1773386730456 wpb_content_element  vc_custom_1773386730456 wpb_content_element\" ><span class=\"vc_sep_holder vc_sep_holder_l\"><span class=\"vc_sep_line\"><\/span><\/span><span class=\"vc_sep_holder vc_sep_holder_r\"><span class=\"vc_sep_line\"><\/span><\/span>\n<\/div><style>.ld_fancy_heading_6a022d34dd5e6 p{font-size:18px;line-height:30px;color:rgb(51, 51, 51);}.ld_fancy_heading_6a022d34dd5e6 .lqd-highlight-inner{height:0.275em;bottom:0px;}<\/style><div class=\"ld-fancy-heading ld_fancy_heading_6a022d34dd5e6\">\n\t<p class=\"lqd-highlight-underline lqd-highlight-grow-left\" ><span class=\"ld-fh-txt\"> <strong>Perfil:<\/strong> Frutado, suave, genu\u00edno.<\/span><\/p><\/div><style>.ld_fancy_heading_6a022d34dd732 p{font-size:18px;line-height:30px;color:rgb(51, 51, 51);}.ld_fancy_heading_6a022d34dd732 .lqd-highlight-inner{height:0.275em;bottom:0px;}<\/style><div class=\"ld-fancy-heading ld_fancy_heading_6a022d34dd732\">\n\t<p class=\"lqd-highlight-underline lqd-highlight-grow-left\" ><span class=\"ld-fh-txt\"> <strong>Quando beber:<\/strong> Reuni\u00f5es com amigos, jantares informais, churrascos, momentos de conex\u00e3o.<\/span><\/p><\/div><style>.ld_fancy_heading_6a022d34dd830 p{font-size:18px;line-height:30px;color:rgb(51, 51, 51);}.ld_fancy_heading_6a022d34dd830 .lqd-highlight-inner{height:0.275em;bottom:0px;}<\/style><div class=\"ld-fancy-heading ld_fancy_heading_6a022d34dd830\">\n\t<p class=\"lqd-highlight-underline lqd-highlight-grow-left\" ><span class=\"ld-fh-txt\"> <strong>Informa\u00e7\u00e3o t\u00e9cnica:<\/strong><br \/>\n\u2022 Varietal: 100% Malbec<br \/>\n\u2022 Regi\u00e3o: Maip\u00fa, Mendoza, Argentina<br \/>\n\u2022 \u00c1lcool: 12,7% v\/v<br \/>\n\u2022 Temperatura de servi\u00e7o: 14-16\u00b0C<\/span><\/p><\/div><style>.ld_fancy_heading_6a022d34dd941 p{font-size:18px;line-height:30px;color:rgb(51, 51, 51);}.ld_fancy_heading_6a022d34dd941 .lqd-highlight-inner{height:0.275em;bottom:0px;}<\/style><div class=\"ld-fancy-heading ld_fancy_heading_6a022d34dd941\">\n\t<p class=\"lqd-highlight-underline lqd-highlight-grow-left\" ><span class=\"ld-fh-txt\"> <strong>Harmoniza\u00e7\u00f5es:<\/strong> Carnes grelhadas, massas com tomate, pizzas, queijos.<\/span><\/p><\/div><\/div><\/div><\/div><\/div><\/div><\/div><\/section><div class=\"vc_row-full-width vc_clearfix\"><\/div><section class=\"vc_row wpb_row vc_row-fluid liquid-row-shadowbox-6a022d34ddafe vc_column-gap-0 vc_row-o-content-middle vc_row-flex\"><div class=\"ld-container container-fluid\"><div class=\"row ld-row\"><div class=\"wpb_column vc_column_container vc_col-sm-6 liquid-column-6a022d34ddc20\"><div class=\"vc_column-inner\"><div class=\"wpb_wrapper vc_custom_1771513845424\"   ><div class=\"wpb_wrapper-inner\"><style>.ld_fancy_heading_6a022d34ddcd8 h2{color:rgb(68, 0, 113);}.ld_fancy_heading_6a022d34ddcd8 .lqd-highlight-inner{bottom:0px;}<\/style><div class=\"ld-fancy-heading ld_fancy_heading_6a022d34ddcd8\">\n\t<h2 class=\"lqd-highlight-underline lqd-highlight-grow-left\" ><span class=\"ld-fh-txt\"> Miu Rosado<\/span><\/h2><\/div><style>.ld_fancy_heading_6a022d34dddaf p{color:rgb(51, 51, 51);}.ld_fancy_heading_6a022d34dddaf .lqd-highlight-inner{height:0.275em;bottom:0px;}<\/style><div class=\"ld-fancy-heading ld_fancy_heading_6a022d34dddaf\">\n\t<p class=\"lqd-highlight-underline lqd-highlight-grow-left\" ><span class=\"ld-fh-txt\"> Vinho doce natural de Syrah, Maip\u00fa, Mendoza. Cor rosa p\u00e1lido elegante, aromas a morangos, framboesas e amoras. Levemente gaseificado, equil\u00edbrio perfeito entre frescura e do\u00e7ura.<\/span><\/p><\/div><div class=\"vc_separator wpb_content_element vc_separator_align_center vc_sep_width_100 vc_sep_pos_align_center vc_separator_no_text vc_sep_color_grey vc_custom_1773386730456 wpb_content_element  vc_custom_1773386730456 wpb_content_element\" ><span class=\"vc_sep_holder vc_sep_holder_l\"><span class=\"vc_sep_line\"><\/span><\/span><span class=\"vc_sep_holder vc_sep_holder_r\"><span class=\"vc_sep_line\"><\/span><\/span>\n<\/div><style>.ld_fancy_heading_6a022d34ddf2e p{font-size:18px;line-height:30px;color:rgb(51, 51, 51);}.ld_fancy_heading_6a022d34ddf2e .lqd-highlight-inner{height:0.275em;bottom:0px;}<\/style><div class=\"ld-fancy-heading ld_fancy_heading_6a022d34ddf2e\">\n\t<p class=\"lqd-highlight-underline lqd-highlight-grow-left\" ><span class=\"ld-fh-txt\"> <strong>Perfil:<\/strong> Doce, refrescante, alegre.<\/span><\/p><\/div><style>.ld_fancy_heading_6a022d34de019 p{font-size:18px;line-height:30px;color:rgb(51, 51, 51);}.ld_fancy_heading_6a022d34de019 .lqd-highlight-inner{height:0.275em;bottom:0px;}<\/style><div class=\"ld-fancy-heading ld_fancy_heading_6a022d34de019\">\n\t<p class=\"lqd-highlight-underline lqd-highlight-grow-left\" ><span class=\"ld-fh-txt\"> <strong>Quando beber:<\/strong> Tardes de ver\u00e3o, piqueniques, reuni\u00f5es ao ar livre, celebra\u00e7\u00f5es informais.<\/span><\/p><\/div><style>.ld_fancy_heading_6a022d34de0f9 p{font-size:18px;line-height:30px;color:rgb(51, 51, 51);}.ld_fancy_heading_6a022d34de0f9 .lqd-highlight-inner{height:0.275em;bottom:0px;}<\/style><div class=\"ld-fancy-heading ld_fancy_heading_6a022d34de0f9\">\n\t<p class=\"lqd-highlight-underline lqd-highlight-grow-left\" ><span class=\"ld-fh-txt\"> <strong>Informa\u00e7\u00e3o t\u00e9cnica:<\/strong><br \/>\n\u2022 Varietal: Syrah 100%<br \/>\n\u2022 Regi\u00e3o: Maip\u00fa, Mendoza, Argentina<br \/>\n\u2022 \u00c1lcool: 10,5% v\/v<br \/>\n\u2022 A\u00e7\u00facar residual: 41 g\/l<br \/>\n\u2022 Temperatura de servi\u00e7o: 5-8\u00b0C<\/span><\/p><\/div><style>.ld_fancy_heading_6a022d34de214 p{font-size:18px;line-height:30px;color:rgb(51, 51, 51);}.ld_fancy_heading_6a022d34de214 .lqd-highlight-inner{height:0.275em;bottom:0px;}<\/style><div class=\"ld-fancy-heading ld_fancy_heading_6a022d34de214\">\n\t<p class=\"lqd-highlight-underline lqd-highlight-grow-left\" ><span class=\"ld-fh-txt\"> <strong>Harmoniza\u00e7\u00f5es:<\/strong> Aperitivos, queijos, ceviche, sushi, tiraditos, sobremesas com frutas.<\/span><\/p><\/div><\/div><\/div><\/div><\/div><div class=\"wpb_column vc_column_container vc_col-sm-6 liquid-column-6a022d34de393\"><div class=\"vc_column-inner\"><div class=\"wpb_wrapper vc_custom_1771513833955\"   ><div class=\"wpb_wrapper-inner\">\n\t<div  class=\"wpb_single_image wpb_content_element vc_align_left  liquid_vc_single_image-6a022d34ebf0a\">\n\t\t\n\t\t<figure class=\"wpb_wrapper vc_figure\">\n\t\t\t<div class=\"vc_single_image-wrapper   vc_box_border_grey\"><img loading=\"lazy\" decoding=\"async\" width=\"1080\" height=\"1080\" src=\"data:image\/svg+xml;charset=utf-8,&lt;svg xmlns%3D&#039;http%3A%2F%2Fwww.w3.org%2F2000%2Fsvg&#039; viewBox%3D&#039;0 0 1080 1080&#039;%2F&gt;\" class=\"vc_single_image-img attachment-full ld-lazyload\" alt=\"\" title=\"miuvinos-vinorosado\" srcset=\"\" sizes=\"auto, (max-width: 1080px) 100vw, 1080px\" data-src=\"https:\/\/miuvinos.com\/wp-content\/uploads\/2026\/02\/miuvinos-vinorosado.jpg\" data-srcset=\"https:\/\/miuvinos.com\/wp-content\/uploads\/2026\/02\/miuvinos-vinorosado.jpg 1080w, https:\/\/miuvinos.com\/wp-content\/uploads\/2026\/02\/miuvinos-vinorosado-300x300.jpg 300w, https:\/\/miuvinos.com\/wp-content\/uploads\/2026\/02\/miuvinos-vinorosado-1024x1024.jpg 1024w, https:\/\/miuvinos.com\/wp-content\/uploads\/2026\/02\/miuvinos-vinorosado-150x150.jpg 150w, https:\/\/miuvinos.com\/wp-content\/uploads\/2026\/02\/miuvinos-vinorosado-12x12.jpg 12w\" data-aspect=\"1\" \/><\/div>\n\t\t<\/figure>\n\t<\/div>\n<\/div><\/div><\/div><\/div><\/div><\/div><\/section><div class=\"vc_row-full-width vc_clearfix\"><\/div><section data-bg-image=\"url\" class=\"vc_row wpb_row vc_row-fluid vc_custom_1773151736672 row-contains-padding-top row-contains-padding-bottom liquid-row-shadowbox-6a022d34ec17b vc_row-has-fill vc_row-has-bg vc_row-o-content-top vc_row-flex\"><div class=\"ld-container container\"><div class=\"row ld-row\"><div class=\"wpb_column vc_column_container vc_col-sm-2 text-center liquid-column-6a022d34ec363\"><div class=\"vc_column-inner\"><div class=\"wpb_wrapper\"   ><div class=\"wpb_wrapper-inner\"><\/div><\/div><\/div><\/div><div class=\"wpb_column vc_column_container vc_col-sm-8 text-center liquid-column-6a022d34ec4d3\"><div class=\"vc_column-inner\"><div class=\"wpb_wrapper\"   ><div class=\"wpb_wrapper-inner\"><style>.ld_fancy_heading_6a022d34ec619 h2{color:rgb(68, 0, 113);}.ld_fancy_heading_6a022d34ec619 .lqd-highlight-inner{bottom:0px;}<\/style><div class=\"ld-fancy-heading ld_fancy_heading_6a022d34ec619\">\n\t<h2 class=\"lqd-highlight-underline lqd-highlight-grow-left\" ><span class=\"ld-fh-txt\"> Nossa filosofia de produto<\/span><\/h2><\/div><\/div><\/div><\/div><\/div><div class=\"wpb_column vc_column_container vc_col-sm-2 text-center liquid-column-6a022d34ec82c\"><div class=\"vc_column-inner\"><div class=\"wpb_wrapper\"   ><div class=\"wpb_wrapper-inner\"><\/div><\/div><\/div><\/div><\/div><\/div><\/section><section data-bg-image=\"url\" class=\"vc_row wpb_row vc_row-fluid vc_custom_1773154255292 row-contains-padding-top row-contains-padding-bottom liquid-row-shadowbox-6a022d34ec9c3 vc_row-has-fill vc_row-has-bg vc_column-gap-20 vc_row-o-content-top vc_row-flex\"><div class=\"ld-container container-fluid\"><div class=\"row ld-row\"><div class=\"wpb_column vc_column_container vc_col-sm-3 text-center liquid-column-6a022d34ecb84\"><div class=\"vc_column-inner\"><div class=\"wpb_wrapper\"   ><div class=\"wpb_wrapper-inner\"><style>.ld_icon_box_6a022d34ecd3d .iconbox-icon-container{color:rgb(255, 255, 255);margin-bottom:25px !important;border-radius:px;}.ld_icon_box_6a022d34ecd3d:hover .iconbox-icon-container{color:#440071;}.ld_icon_box_6a022d34ecd3d h3{color:#ffda22;margin-bottom:20px;}.ld_icon_box_6a022d34ecd3d:hover h3{color:#440071;}.ld_icon_box_6a022d34ecd3d{background:#440071;}.ld_icon_box_6a022d34ecd3d:before{background:rgb(255, 255, 255);}.ld_icon_box_6a022d34ecd3d:hover, .ld_icon_box_6a022d34ecd3d:hover p{color:#440071;}<\/style>\n<div class=\"iconbox iconbox-semiround iconbox-lg iconbox-heading-sm iconbox-filled iconbox-filled iconbox-filled-hover ld_icon_box_6a022d34ecd3d vc_custom_1773389142902\" id=\"ld_icon_box_6a022d34ecd3d\"  data-plugin-options='{\"color\":\"rgb(255, 255, 255)\",\"hoverColor\":\"#440071\"}'  >\n\t\n\t\t<div class=\"iconbox-icon-wrap\"><span class=\"iconbox-icon-container\"><i class=\"icon-et-wine\"><\/i><\/span><\/div><!-- \/.iconbox-icon-wrap -->\t\n\t\t\n\t<div class=\"contents\">\t\n\t<h3>Vinhos acess\u00edveis<\/h3>\t<p><span style=\"color: #ffffff\">Vinhos jovens, frescos e diretos. Para desfrutar sem complica\u00e7\u00f5es, com uma hist\u00f3ria real por tr\u00e1s.<\/span><\/p>\n\t\t\n\t<\/div>\t\n\t\n<\/div>\n<\/div><\/div><\/div><\/div><div class=\"wpb_column vc_column_container vc_col-sm-3 text-center liquid-column-6a022d34ed4bc\"><div class=\"vc_column-inner\"><div class=\"wpb_wrapper\"   ><div class=\"wpb_wrapper-inner\"><style>.ld_icon_box_6a022d34ed65b .iconbox-icon-container{color:rgb(255, 255, 255);margin-bottom:25px !important;border-radius:px;}.ld_icon_box_6a022d34ed65b:hover .iconbox-icon-container{color:#440071;}.ld_icon_box_6a022d34ed65b h3{color:#ffda22;margin-bottom:20px;}.ld_icon_box_6a022d34ed65b:hover h3{color:#440071;}.ld_icon_box_6a022d34ed65b{background:#440071;}.ld_icon_box_6a022d34ed65b:before{background:rgb(255, 255, 255);}.ld_icon_box_6a022d34ed65b:hover, .ld_icon_box_6a022d34ed65b:hover p{color:#440071;}<\/style>\n<div class=\"iconbox iconbox-semiround iconbox-lg iconbox-heading-sm iconbox-filled iconbox-filled iconbox-filled-hover ld_icon_box_6a022d34ed65b vc_custom_1773753239167\" id=\"ld_icon_box_6a022d34ed65b\"  data-plugin-options='{\"color\":\"rgb(255, 255, 255)\",\"hoverColor\":\"#440071\"}'  >\n\t\n\t\t<div class=\"iconbox-icon-wrap\"><span class=\"iconbox-icon-container\"><i class=\"icon-et-heart\"><\/i><\/span><\/div><!-- \/.iconbox-icon-wrap -->\t\n\t\t\n\t<div class=\"contents\">\t\n\t<h3>Linguagem simples<\/h3>\t<p><span style=\"color: #ffffff\">Falamos sem tecnicismos que intimidam. Se sabe de vinhos, \u00f3timo. Se \u00e9 o seu primeiro copo, seja bem-vindo.<\/span><\/p>\n\t\t\n\t<\/div>\t\n\t\n<\/div>\n<\/div><\/div><\/div><\/div><div class=\"wpb_column vc_column_container vc_col-sm-3 text-center liquid-column-6a022d34edc24\"><div class=\"vc_column-inner\"><div class=\"wpb_wrapper\"   ><div class=\"wpb_wrapper-inner\"><style>.ld_icon_box_6a022d34eddbd .iconbox-icon-container{color:rgb(255, 255, 255);margin-bottom:25px !important;border-radius:px;}.ld_icon_box_6a022d34eddbd:hover .iconbox-icon-container{color:#440071;}.ld_icon_box_6a022d34eddbd h3{color:#ffda22;margin-bottom:20px;}.ld_icon_box_6a022d34eddbd:hover h3{color:#440071;}.ld_icon_box_6a022d34eddbd{background:#440071;}.ld_icon_box_6a022d34eddbd:before{background:rgb(255, 255, 255);}.ld_icon_box_6a022d34eddbd:hover, .ld_icon_box_6a022d34eddbd:hover p{color:#440071;}<\/style>\n<div class=\"iconbox iconbox-semiround iconbox-lg iconbox-heading-sm iconbox-filled iconbox-filled iconbox-filled-hover ld_icon_box_6a022d34eddbd vc_custom_1773389401858\" id=\"ld_icon_box_6a022d34eddbd\"  data-plugin-options='{\"color\":\"rgb(255, 255, 255)\",\"hoverColor\":\"#440071\"}'  >\n\t\n\t\t<div class=\"iconbox-icon-wrap\"><span class=\"iconbox-icon-container\"><i class=\"icon-weather_star\"><\/i><\/span><\/div><!-- \/.iconbox-icon-wrap -->\t\n\t\t\n\t<div class=\"contents\">\t\n\t<h3>Autenticidade em primeiro lugar<\/h3>\t<p><span style=\"color: #ffffff\">Competimos por hist\u00f3rias reais, conex\u00f5es genu\u00ednas. O reconhecimento vem de quem nos escolhe.<\/span><\/p>\n\t\t\n\t<\/div>\t\n\t\n<\/div>\n<\/div><\/div><\/div><\/div><div class=\"wpb_column vc_column_container vc_col-sm-3 text-center liquid-column-6a022d34ee192\"><div class=\"vc_column-inner\"><div class=\"wpb_wrapper\"   ><div class=\"wpb_wrapper-inner\"><style>.ld_icon_box_6a022d34ee31c .iconbox-icon-container{color:rgb(255, 255, 255);margin-bottom:25px !important;border-radius:px;}.ld_icon_box_6a022d34ee31c:hover .iconbox-icon-container{color:#440071;}.ld_icon_box_6a022d34ee31c h3{color:#ffda22;margin-bottom:20px;}.ld_icon_box_6a022d34ee31c:hover h3{color:#440071;}.ld_icon_box_6a022d34ee31c{background:#440071;}.ld_icon_box_6a022d34ee31c:before{background:rgb(255, 255, 255);}.ld_icon_box_6a022d34ee31c:hover, .ld_icon_box_6a022d34ee31c:hover p{color:#440071;}<\/style>\n<div class=\"iconbox iconbox-semiround iconbox-lg iconbox-heading-sm iconbox-filled iconbox-filled iconbox-filled-hover ld_icon_box_6a022d34ee31c vc_custom_1773389420845\" id=\"ld_icon_box_6a022d34ee31c\"  data-plugin-options='{\"color\":\"rgb(255, 255, 255)\",\"hoverColor\":\"#440071\"}'  >\n\t\n\t\t<div class=\"iconbox-icon-wrap\"><span class=\"iconbox-icon-container\"><i class=\"icon-et-chat\"><\/i><\/span><\/div><!-- \/.iconbox-icon-wrap -->\t\n\t\t\n\t<div class=\"contents\">\t\n\t<h3>Conversa imediata<\/h3>\t<p><span style=\"color: #ffffff\">O galgo no r\u00f3tulo convida a perguntar, a conectar. A hist\u00f3ria come\u00e7a antes de se abrir a garrafa.<\/span><\/p>\n\t\t\n\t<\/div>\t\n\t\n<\/div>\n<\/div><\/div><\/div><\/div><\/div><\/div><\/section><div class=\"vc_row-full-width vc_clearfix\"><\/div><section data-bg-image=\"url\" class=\"vc_row wpb_row vc_row-fluid vc_custom_1775123080552 row-contains-padding-top row-contains-padding-bottom liquid-row-shadowbox-6a022d34ee683 vc_row-has-fill vc_row-has-bg vc_column-gap-35\"><div class=\"liquid-row-overlay\" style=\"background:rgba(28, 0, 46, 0.8)\"><\/div><div class=\"ld-container container-fluid\"><div class=\"row ld-row\"><div class=\"wpb_column vc_column_container vc_col-sm-2 liquid-column-6a022d34ee849\"><div class=\"vc_column-inner\"><div class=\"wpb_wrapper\"   ><div class=\"wpb_wrapper-inner\"><\/div><\/div><\/div><\/div><div class=\"wpb_column vc_column_container vc_col-sm-8 text-center liquid-column-6a022d34ee9b3\"><div class=\"vc_column-inner\"><div class=\"wpb_wrapper\"   ><div class=\"wpb_wrapper-inner\"><style>.ld_fancy_heading_6a022d34eeaea p{color:rgb(255, 255, 255);}.ld_fancy_heading_6a022d34eeaea .lqd-highlight-inner{height:0.275em;bottom:0px;}<\/style><div class=\"ld-fancy-heading ld_fancy_heading_6a022d34eeaea\">\n\t<p class=\"lqd-highlight-underline lqd-highlight-grow-left\" ><span class=\"ld-fh-txt\"> Vinhos f\u00e1ceis de vender porque a hist\u00f3ria conecta emocionalmente, sem a necessidade de educar o consumidor durante 20 minutos. A autenticidade faz o resto.<\/span><\/p><\/div><div class=\"vc_empty_space\"   style=\"height: 20px\"><span class=\"vc_empty_space_inner\"><\/span><\/div><style>.ld_button_6a022d34eeec4.btn-icon-solid .btn-icon{background:#ffda22;}.ld_button_6a022d34eeec4.btn-icon-circle.btn-icon-ripple .btn-icon:before{border-color:#ffda22;}.ld_button_6a022d34eeec4.btn-icon-solid:hover .btn-icon{background:#440071;}.ld_button_6a022d34eeec4{background-color:#ffda22;border-color:#ffda22;color:#440071;font-size:14px !important;font-weight:600 !important;letter-spacing:1px !important;}.ld_button_6a022d34eeec4:hover{background-color:#440071;border-color:#440071;color:#fafad4;}.ld_button_6a022d34eeec4 .btn-gradient-bg-hover{background:-webkit-linear-gradient(to right, #440071 0%, #440071 100%);background:linear-gradient(to right, #440071 0%, #440071 100%);}.ld_button_6a022d34eeec4 .btn-gradient-border defs stop:first-child{stop-color:#ffda22;}.ld_button_6a022d34eeec4 .btn-gradient-border defs stop:last-child{stop-color:#ffda22;}.ld_button_6a022d34eeec4:hover .btn-gradient-border defs stop:first-child{stop-color:#440071;}.ld_button_6a022d34eeec4:hover .btn-gradient-border defs stop:last-child{stop-color:#440071;}<\/style><a href=\"https:\/\/miuvinos.com\/pt\/contacto\/\" title=\"Contacto\" class=\"btn btn-solid text-uppercase btn-md round btn-bordered border-thin ld_button_6a022d34eeec4\">\n\t<span>\n\t\t\n\t\t\t\t\t<span class=\"btn-txt\">Trabalhe connosco \u2192<\/span>\n\t\t\t\n\t\t\t\t<\/span>\n<\/a>\n<\/div><\/div><\/div><\/div><div class=\"wpb_column vc_column_container vc_col-sm-2 liquid-column-6a022d34ef480\"><div class=\"vc_column-inner\"><div class=\"wpb_wrapper\"   ><div class=\"wpb_wrapper-inner\"><\/div><\/div><\/div><\/div><\/div><\/div><\/section><div class=\"vc_row-full-width vc_clearfix\"><\/div>\n<\/div>","protected":false},"excerpt":{"rendered":"Vinos j\u00f3venes, frescos, f\u00e1ciles de disfrutar Miu no compite por medallas ni puntajes de cr\u00edticos....","protected":false},"author":1,"featured_media":0,"parent":0,"menu_order":0,"comment_status":"closed","ping_status":"closed","template":"","meta":{"footnotes":""},"class_list":["post-346","page","type-page","status-publish","hentry"],"_links":{"self":[{"href":"https:\/\/miuvinos.com\/pt\/wp-json\/wp\/v2\/pages\/346","targetHints":{"allow":["GET"]}}],"collection":[{"href":"https:\/\/miuvinos.com\/pt\/wp-json\/wp\/v2\/pages"}],"about":[{"href":"https:\/\/miuvinos.com\/pt\/wp-json\/wp\/v2\/types\/page"}],"author":[{"embeddable":true,"href":"https:\/\/miuvinos.com\/pt\/wp-json\/wp\/v2\/users\/1"}],"replies":[{"embeddable":true,"href":"https:\/\/miuvinos.com\/pt\/wp-json\/wp\/v2\/comments?post=346"}],"version-history":[{"count":30,"href":"https:\/\/miuvinos.com\/pt\/wp-json\/wp\/v2\/pages\/346\/revisions"}],"predecessor-version":[{"id":515,"href":"https:\/\/miuvinos.com\/pt\/wp-json\/wp\/v2\/pages\/346\/revisions\/515"}],"wp:attachment":[{"href":"https:\/\/miuvinos.com\/pt\/wp-json\/wp\/v2\/media?parent=346"}],"curies":[{"name":"wp","href":"https:\/\/api.w.org\/{rel}","templated":true}]}}