{"id":426,"date":"2026-03-18T11:44:58","date_gmt":"2026-03-18T14:44:58","guid":{"rendered":"https:\/\/miuvinos.com\/?page_id=426"},"modified":"2026-04-02T06:47:00","modified_gmt":"2026-04-02T09:47:00","slug":"por-que-miu","status":"publish","type":"page","link":"https:\/\/miuvinos.com\/en\/por-que-miu\/","title":{"rendered":"Why MIU"},"content":{"rendered":"<div class=\"wpb-content-wrapper\"><section data-bg-image=\"url\" class=\"vc_row wpb_row vc_row-fluid vc_custom_1773855021575 liquid-row-shadowbox-6a022e269988b vc_row-has-fill vc_row-has-bg vc_column-gap-35 vc_row-o-full-height vc_row-o-columns-middle vc_row-flex\"><div class=\"liquid-row-overlay\" style=\"background:rgba(25, 0, 41, 0.7)\"><\/div><div class=\"ld-container container-fluid\"><div class=\"row ld-row\"><div class=\"wpb_column vc_column_container vc_col-sm-3 liquid-column-6a022e2699b1f\"><div class=\"vc_column-inner\"><div class=\"wpb_wrapper\"   ><div class=\"wpb_wrapper-inner\"><\/div><\/div><\/div><\/div><div class=\"wpb_column vc_column_container vc_col-sm-6 text-center liquid-column-6a022e2699c4e\"><div class=\"vc_column-inner\"><div class=\"wpb_wrapper\"   ><div class=\"wpb_wrapper-inner\"><div class=\"vc_empty_space\"   style=\"height: 20px\"><span class=\"vc_empty_space_inner\"><\/span><\/div><style>.ld_fancy_heading_6a022e2699e39 h1{color:rgb(255, 243, 192);}.ld_fancy_heading_6a022e2699e39 .lqd-highlight-inner{height:0.275em;bottom:0px;}<\/style><div class=\"ld-fancy-heading ld_fancy_heading_6a022e2699e39\">\n\t<h1 class=\"lqd-highlight-underline lqd-highlight-grow-left\" ><span class=\"ld-fh-txt\"> A brand built in reverse<\/span><\/h1><\/div><style>.ld_fancy_heading_6a022e269a55c p{color:rgb(255, 255, 255);}.ld_fancy_heading_6a022e269a55c .lqd-highlight-inner{height:0.275em;bottom:0px;}<\/style><div class=\"ld-fancy-heading ld_fancy_heading_6a022e269a55c\">\n\t<p class=\"lqd-highlight-underline lqd-highlight-grow-left\" ><span class=\"ld-fh-txt\"> The industry creates wines and then searches for stories to sell them. <strong>MIU did the opposite. It lived an authentic story and transformed it into wine.<\/strong> This reversal of the process is its differentiation in global markets.<\/span><\/p><\/div><\/div><\/div><\/div><\/div><div class=\"wpb_column vc_column_container vc_col-sm-3 liquid-column-6a022e269a834\"><div class=\"vc_column-inner\"><div class=\"wpb_wrapper\"   ><div class=\"wpb_wrapper-inner\"><\/div><\/div><\/div><\/div><\/div><\/div><\/section><div class=\"vc_row-full-width vc_clearfix\"><\/div><section class=\"vc_row wpb_row vc_row-fluid liquid-row-shadowbox-6a022e269a997 vc_column-gap-0 vc_row-o-content-middle vc_row-flex\"><div class=\"ld-container container-fluid\"><div class=\"row ld-row\"><div class=\"wpb_column vc_column_container vc_col-sm-6 liquid-column-6a022e269ab00 vc_col-has-fill\"><div class=\"vc_column-inner\"><div class=\"wpb_wrapper vc_custom_1773849369233\"   ><div class=\"wpb_wrapper-inner\"><style>.ld_fancy_heading_6a022e269abe7 h3{color:rgb(68, 0, 113);}.ld_fancy_heading_6a022e269abe7 .lqd-highlight-inner{bottom:0px;}<\/style><div class=\"ld-fancy-heading ld_fancy_heading_6a022e269abe7\">\n\t<h3 class=\"lqd-highlight-underline lqd-highlight-grow-left\" ><span class=\"ld-fh-txt\"> What most do<\/span><\/h3><\/div><style>.ld_fancy_heading_6a022e269ad4b p{color:rgb(51, 51, 51);}.ld_fancy_heading_6a022e269ad4b .lqd-highlight-inner{height:0.275em;bottom:0px;}<\/style><div class=\"ld-fancy-heading ld_fancy_heading_6a022e269ad4b\">\n\t<p class=\"lqd-highlight-underline lqd-highlight-grow-left\" ><span class=\"ld-fh-txt\"> Create the wine first. Then search for a way to differentiate it in a saturated market. Compete for medals and critics' scores. Expect the consumer to understand technical complexity.<\/span><\/p><\/div><div class=\"vc_empty_space\"   style=\"height: 20px\"><span class=\"vc_empty_space_inner\"><\/span><\/div><style>.ld_fancy_heading_6a022e269aed1 p{color:rgb(51, 51, 51);}.ld_fancy_heading_6a022e269aed1 .lqd-highlight-inner{height:0.275em;bottom:0px;}<\/style><div class=\"ld-fancy-heading ld_fancy_heading_6a022e269aed1\">\n\t<p class=\"lqd-highlight-underline lqd-highlight-grow-left\" ><span class=\"ld-fh-txt\"> <strong>Result: <\/strong>Just one more brand among thousands.<\/span><\/p><\/div><\/div><\/div><\/div><\/div><div class=\"wpb_column vc_column_container vc_col-sm-6 liquid-column-6a022e269b0b4 vc_col-has-fill\"><div class=\"vc_column-inner\"><div class=\"wpb_wrapper vc_custom_1773849362178\"   ><div class=\"wpb_wrapper-inner\"><style>.ld_fancy_heading_6a022e269b1c7 h3{color:rgb(68, 0, 113);}.ld_fancy_heading_6a022e269b1c7 .lqd-highlight-inner{bottom:0px;}<\/style><div class=\"ld-fancy-heading ld_fancy_heading_6a022e269b1c7\">\n\t<h3 class=\"lqd-highlight-underline lqd-highlight-grow-left\" ><span class=\"ld-fh-txt\"> What MIU did<\/span><\/h3><\/div><style>.ld_fancy_heading_6a022e269b2ea p{color:rgb(51, 51, 51);}.ld_fancy_heading_6a022e269b2ea .lqd-highlight-inner{height:0.275em;bottom:0px;}<\/style><div class=\"ld-fancy-heading ld_fancy_heading_6a022e269b2ea\">\n\t<p class=\"lqd-highlight-underline lqd-highlight-grow-left\" ><span class=\"ld-fh-txt\"> Live an authentic story first. Build a family with rescued greyhounds years before creating wines. Transform that shared life into a brand. Connect emotionally with people.<\/span><\/p><\/div><div class=\"vc_empty_space\"   style=\"height: 20px\"><span class=\"vc_empty_space_inner\"><\/span><\/div><style>.ld_fancy_heading_6a022e269b47c p{color:rgb(51, 51, 51);}.ld_fancy_heading_6a022e269b47c .lqd-highlight-inner{height:0.275em;bottom:0px;}<\/style><div class=\"ld-fancy-heading ld_fancy_heading_6a022e269b47c\">\n\t<p class=\"lqd-highlight-underline lqd-highlight-grow-left\" ><span class=\"ld-fh-txt\"> <strong>Result:<\/strong> Differentiation that drives sales.<\/span><\/p><\/div><\/div><\/div><\/div><\/div><\/div><\/div><\/section><div class=\"vc_row-full-width vc_clearfix\"><\/div><section data-bg-image=\"url\" class=\"vc_row wpb_row vc_row-fluid vc_custom_1773849244798 row-contains-padding-top row-contains-padding-bottom liquid-row-shadowbox-6a022e269b6b1 vc_row-has-fill vc_row-has-bg\"><div class=\"ld-container container\"><div class=\"row ld-row\"><div class=\"wpb_column vc_column_container vc_col-sm-12 liquid-column-6a022e269b843\"><div class=\"vc_column-inner\"><div class=\"wpb_wrapper\"   ><div class=\"wpb_wrapper-inner\"><div class=\"vc_row wpb_row vc_inner vc_row-fluid vc_custom_1771500723233 liquid-row-shadowbox-6a022e269b9c1 vc_column-gap-10\"><div class=\"wpb_column vc_column_container vc_col-sm-2 liquid-column-6a022e269bb7c\"><div class=\"vc_column-inner\"><div class=\"wpb_wrapper\"  ><div class=\"wpb_wrapper-inner\"><\/div><\/div><\/div><\/div><div class=\"wpb_column vc_column_container vc_col-sm-8 text-center liquid-column-6a022e269bcb4\"><div class=\"vc_column-inner\"><div class=\"wpb_wrapper\"  ><div class=\"wpb_wrapper-inner\"><style>.ld_fancy_heading_6a022e269bdb2 h2{color:rgb(68, 0, 113);}.ld_fancy_heading_6a022e269bdb2 .lqd-highlight-inner{bottom:0px;}<\/style><div class=\"ld-fancy-heading ld_fancy_heading_6a022e269bdb2\">\n\t<h2 class=\"lqd-highlight-underline lqd-highlight-grow-left\" ><span class=\"ld-fh-txt\"> 3 reasons to choose MIU<\/span><\/h2><\/div><style>.ld_fancy_heading_6a022e269bf07 p{color:rgb(51, 51, 51);}.ld_fancy_heading_6a022e269bf07 .lqd-highlight-inner{height:0.275em;bottom:0px;}<\/style><div class=\"ld-fancy-heading ld_fancy_heading_6a022e269bf07\">\n\t<p class=\"lqd-highlight-underline lqd-highlight-grow-left\" ><span class=\"ld-fh-txt\"> Beyond the wine, MIU offers three elements that set it apart on the shelf and drive sales: an authentic story, visual impact, and emotional connection.<\/span><\/p><\/div><\/div><\/div><\/div><\/div><div class=\"wpb_column vc_column_container vc_col-sm-2 liquid-column-6a022e269c0a5\"><div class=\"vc_column-inner\"><div class=\"wpb_wrapper\"  ><div class=\"wpb_wrapper-inner\"><\/div><\/div><\/div><\/div><\/div><div class=\"vc_row wpb_row vc_inner vc_row-fluid liquid-row-shadowbox-6a022e269c1ca\"><div class=\"wpb_column vc_column_container vc_col-sm-4 liquid-column-6a022e269c312\"><div class=\"vc_column-inner\"><div class=\"wpb_wrapper\"  ><div class=\"wpb_wrapper-inner\"><style>.ld_icon_box_6a022e269c475 .iconbox-icon-container{color:rgb(255, 255, 255);margin-bottom:26px !important;border-radius:px;}.ld_icon_box_6a022e269c475:hover .iconbox-icon-container{color:rgb(68, 0, 113);}.ld_icon_box_6a022e269c475 h3{color:#ffda22;margin-bottom:20px;}.ld_icon_box_6a022e269c475:hover h3{color:#440071;}.ld_icon_box_6a022e269c475{background:#440071;}.ld_icon_box_6a022e269c475:before{background:#ffda22;}.ld_icon_box_6a022e269c475:hover, .ld_icon_box_6a022e269c475:hover p{color:#440071;}<\/style>\n<div class=\"iconbox iconbox-semiround iconbox-shadow iconbox-xl iconbox-heading-lg iconbox-filled iconbox-filled iconbox-filled-hover ld_icon_box_6a022e269c475 vc_custom_1771502762263\" id=\"ld_icon_box_6a022e269c475\"  data-plugin-options='{\"color\":\"rgb(255, 255, 255)\",\"hoverColor\":\"rgb(68, 0, 113)\"}'  >\n\t\n\t\t<div class=\"iconbox-icon-wrap\"><span class=\"iconbox-icon-container\"><i class=\"icon-num-1\"><\/i><\/span><\/div><!-- \/.iconbox-icon-wrap -->\t\n\t\t\n\t<div class=\"contents\">\t\n\t<h3>People buy stories<\/h3>\t<p><span style=\"color: #ffffff\">In a highly competitive wine market, brands with a real story build consumer loyalty. Miu has that authentic story.<\/span><\/p>\n\t\t\n\t<\/div>\t\n\t\n<\/div>\n<\/div><\/div><\/div><\/div><div class=\"wpb_column vc_column_container vc_col-sm-4 liquid-column-6a022e269c8d5\"><div class=\"vc_column-inner\"><div class=\"wpb_wrapper\"  ><div class=\"wpb_wrapper-inner\"><style>.ld_icon_box_6a022e269ca16 .iconbox-icon-container{color:rgb(255, 255, 255);margin-bottom:26px !important;border-radius:px;}.ld_icon_box_6a022e269ca16:hover .iconbox-icon-container{color:#440071;}.ld_icon_box_6a022e269ca16 h3{color:#ffda22;margin-bottom:20px;}.ld_icon_box_6a022e269ca16:hover h3{color:#440071;}.ld_icon_box_6a022e269ca16{background:#440071;}.ld_icon_box_6a022e269ca16:before{background:#ffda22;}.ld_icon_box_6a022e269ca16:hover, .ld_icon_box_6a022e269ca16:hover p{color:#440071;}<\/style>\n<div class=\"iconbox iconbox-semiround iconbox-shadow iconbox-xl iconbox-heading-lg iconbox-filled iconbox-filled iconbox-filled-hover ld_icon_box_6a022e269ca16 vc_custom_1773855873207\" id=\"ld_icon_box_6a022e269ca16\"  data-plugin-options='{\"color\":\"rgb(255, 255, 255)\",\"hoverColor\":\"#440071\"}'  >\n\t\n\t\t<div class=\"iconbox-icon-wrap\"><span class=\"iconbox-icon-container\"><i class=\"icon-num-2\"><\/i><\/span><\/div><!-- \/.iconbox-icon-wrap -->\t\n\t\t\n\t<div class=\"contents\">\t\n\t<h3>Captures attention in seconds<\/h3>\t<p><span style=\"color: #ffffff\">El galgo en la etiqueta genera curiosidad inmediata. En el punto de venta, MIU se destaca visualmente y abre la conversaci\u00f3n de forma natural.<\/span><\/p>\n\t\t\n\t<\/div>\t\n\t\n<\/div>\n<\/div><\/div><\/div><\/div><div class=\"wpb_column vc_column_container vc_col-sm-4 liquid-column-6a022e269cecb\"><div class=\"vc_column-inner\"><div class=\"wpb_wrapper\"  ><div class=\"wpb_wrapper-inner\"><style>.ld_icon_box_6a022e269d050 .iconbox-icon-container{color:rgb(255, 255, 255);margin-bottom:26px !important;border-radius:px;}.ld_icon_box_6a022e269d050:hover .iconbox-icon-container{color:#440071;}.ld_icon_box_6a022e269d050 h3{color:#ffda22;margin-bottom:20px;}.ld_icon_box_6a022e269d050:hover h3{color:#440071;}.ld_icon_box_6a022e269d050{background:#440071;}.ld_icon_box_6a022e269d050:before{background:#ffda22;}.ld_icon_box_6a022e269d050:hover, .ld_icon_box_6a022e269d050:hover p{color:#440071;}<\/style>\n<div class=\"iconbox iconbox-semiround iconbox-shadow iconbox-xl iconbox-heading-lg iconbox-filled iconbox-filled iconbox-filled-hover ld_icon_box_6a022e269d050 vc_custom_1771502781457\" id=\"ld_icon_box_6a022e269d050\"  data-plugin-options='{\"color\":\"rgb(255, 255, 255)\",\"hoverColor\":\"#440071\"}'  >\n\t\n\t\t<div class=\"iconbox-icon-wrap\"><span class=\"iconbox-icon-container\"><i class=\"icon-num-3\"><\/i><\/span><\/div><!-- \/.iconbox-icon-wrap -->\t\n\t\t\n\t<div class=\"contents\">\t\n\t<h3>Wines that connect emotionally<\/h3>\t<p><span style=\"color: #ffffff\">Fresh, vibrant, and easy-drinking. With a cause that consumers can verify, share with pride, and genuinely support.<\/span><\/p>\n\t\t\n\t<\/div>\t\n\t\n<\/div>\n<\/div><\/div><\/div><\/div><\/div><\/div><\/div><\/div><\/div><\/div><\/div><\/section><section data-bg-image=\"url\" class=\"vc_row wpb_row vc_row-fluid vc_custom_1775123218642 row-contains-padding-top row-contains-padding-bottom liquid-row-shadowbox-6a022e269d4d3 vc_row-has-fill vc_row-has-bg vc_column-gap-35\"><div class=\"liquid-row-overlay\" style=\"background:rgba(28, 0, 46, 0.8)\"><\/div><div class=\"ld-container container-fluid\"><div class=\"row ld-row\"><div class=\"wpb_column vc_column_container vc_col-sm-3 liquid-column-6a022e269d663\"><div class=\"vc_column-inner\"><div class=\"wpb_wrapper\"   ><div class=\"wpb_wrapper-inner\"><\/div><\/div><\/div><\/div><div class=\"wpb_column vc_column_container vc_col-sm-6 text-center liquid-column-6a022e269d7af\"><div class=\"vc_column-inner\"><div class=\"wpb_wrapper\"   ><div class=\"wpb_wrapper-inner\"><style>.ld_fancy_heading_6a022e269d899 h3{color:rgb(255, 243, 192);}.ld_fancy_heading_6a022e269d899 .lqd-highlight-inner{height:0.275em;bottom:0px;}<\/style><div class=\"ld-fancy-heading ld_fancy_heading_6a022e269d899\">\n\t<h3 class=\"lqd-highlight-underline lqd-highlight-grow-left\" ><span class=\"ld-fh-txt\"> An Argentine brand competing globally<\/span><\/h3><\/div><style>.ld_fancy_heading_6a022e269db8a p{color:rgb(255, 255, 255);}.ld_fancy_heading_6a022e269db8a .lqd-highlight-inner{height:0.275em;bottom:0px;}<\/style><div class=\"ld-fancy-heading ld_fancy_heading_6a022e269db8a\">\n\t<p class=\"lqd-highlight-underline lqd-highlight-grow-left\" ><span class=\"ld-fh-txt\"> Argentina has global prestige in wines. MIU adds something that no other brand can replicate: a founder who rescued greyhounds years before creating her first wine. The cause is not marketing. It is the reason for being.<\/span><\/p><\/div><div class=\"vc_empty_space\"   style=\"height: 20px\"><span class=\"vc_empty_space_inner\"><\/span><\/div><style>.ld_button_6a022e269df94.btn-icon-solid .btn-icon{background:#ffda22;}.ld_button_6a022e269df94.btn-icon-circle.btn-icon-ripple .btn-icon:before{border-color:#ffda22;}.ld_button_6a022e269df94.btn-icon-solid:hover .btn-icon{background:#440071;}.ld_button_6a022e269df94{background-color:#ffda22;border-color:#ffda22;color:#440071;font-size:14px !important;font-weight:600 !important;letter-spacing:1px !important;}.ld_button_6a022e269df94:hover{background-color:#440071;border-color:#440071;color:#fafad4;}.ld_button_6a022e269df94 .btn-gradient-bg-hover{background:-webkit-linear-gradient(to right, #440071 0%, #440071 100%);background:linear-gradient(to right, #440071 0%, #440071 100%);}.ld_button_6a022e269df94 .btn-gradient-border defs stop:first-child{stop-color:#ffda22;}.ld_button_6a022e269df94 .btn-gradient-border defs stop:last-child{stop-color:#ffda22;}.ld_button_6a022e269df94:hover .btn-gradient-border defs stop:first-child{stop-color:#440071;}.ld_button_6a022e269df94:hover .btn-gradient-border defs stop:last-child{stop-color:#440071;}<\/style><a href=\"https:\/\/miuvinos.com\/en\/contacto\/\" title=\"Contact\" class=\"btn btn-solid text-uppercase btn-md round btn-bordered border-thin ld_button_6a022e269df94\">\n\t<span>\n\t\t\n\t\t\t\t\t<span class=\"btn-txt\">Get in touch \u2192<\/span>\n\t\t\t\n\t\t\t\t<\/span>\n<\/a>\n<\/div><\/div><\/div><\/div><div class=\"wpb_column vc_column_container vc_col-sm-3 liquid-column-6a022e269e420\"><div class=\"vc_column-inner\"><div class=\"wpb_wrapper\"   ><div class=\"wpb_wrapper-inner\"><\/div><\/div><\/div><\/div><\/div><\/div><\/section><div class=\"vc_row-full-width vc_clearfix\"><\/div>\n<\/div>","protected":false},"excerpt":{"rendered":"Una marca que se construy\u00f3 al rev\u00e9s La industria crea vinos y despu\u00e9s busca historias...","protected":false},"author":1,"featured_media":0,"parent":0,"menu_order":0,"comment_status":"closed","ping_status":"closed","template":"","meta":{"footnotes":""},"class_list":["post-426","page","type-page","status-publish","hentry"],"_links":{"self":[{"href":"https:\/\/miuvinos.com\/en\/wp-json\/wp\/v2\/pages\/426","targetHints":{"allow":["GET"]}}],"collection":[{"href":"https:\/\/miuvinos.com\/en\/wp-json\/wp\/v2\/pages"}],"about":[{"href":"https:\/\/miuvinos.com\/en\/wp-json\/wp\/v2\/types\/page"}],"author":[{"embeddable":true,"href":"https:\/\/miuvinos.com\/en\/wp-json\/wp\/v2\/users\/1"}],"replies":[{"embeddable":true,"href":"https:\/\/miuvinos.com\/en\/wp-json\/wp\/v2\/comments?post=426"}],"version-history":[{"count":43,"href":"https:\/\/miuvinos.com\/en\/wp-json\/wp\/v2\/pages\/426\/revisions"}],"predecessor-version":[{"id":516,"href":"https:\/\/miuvinos.com\/en\/wp-json\/wp\/v2\/pages\/426\/revisions\/516"}],"wp:attachment":[{"href":"https:\/\/miuvinos.com\/en\/wp-json\/wp\/v2\/media?parent=426"}],"curies":[{"name":"wp","href":"https:\/\/api.w.org\/{rel}","templated":true}]}}