{"id":346,"date":"2026-02-20T06:57:12","date_gmt":"2026-02-20T09:57:12","guid":{"rendered":"https:\/\/beverium.com\/miuvinos\/?page_id=346"},"modified":"2026-04-02T06:44:42","modified_gmt":"2026-04-02T09:44:42","slug":"nuestros-vinos","status":"publish","type":"page","link":"https:\/\/miuvinos.com\/en\/nuestros-vinos\/","title":{"rendered":"Our wines"},"content":{"rendered":"<div class=\"wpb-content-wrapper\"><section data-bg-image=\"url\" class=\"vc_row wpb_row vc_row-fluid vc_custom_1775123060530 liquid-row-shadowbox-6a022d9c17a1b vc_row-has-fill vc_row-has-bg vc_column-gap-35 vc_row-o-full-height vc_row-o-columns-middle vc_row-flex\"><div class=\"liquid-row-overlay\" style=\"background:rgba(28, 0, 46, 0.7)\"><\/div><div class=\"ld-container container-fluid\"><div class=\"row ld-row\"><div class=\"wpb_column vc_column_container vc_col-sm-3 liquid-column-6a022d9c17c4b\"><div class=\"vc_column-inner\"><div class=\"wpb_wrapper\"   ><div class=\"wpb_wrapper-inner\"><\/div><\/div><\/div><\/div><div class=\"wpb_column vc_column_container vc_col-sm-6 text-center liquid-column-6a022d9c17d44\"><div class=\"vc_column-inner\"><div class=\"wpb_wrapper\"   ><div class=\"wpb_wrapper-inner\"><div class=\"vc_empty_space\"   style=\"height: 20px\"><span class=\"vc_empty_space_inner\"><\/span><\/div><style>.ld_fancy_heading_6a022d9c17ea1 h1{color:rgb(255, 243, 192);}.ld_fancy_heading_6a022d9c17ea1 .lqd-highlight-inner{height:0.275em;bottom:0px;}<\/style><div class=\"ld-fancy-heading ld_fancy_heading_6a022d9c17ea1\">\n\t<h1 class=\"lqd-highlight-underline lqd-highlight-grow-left\" ><span class=\"ld-fh-txt\"> Fresh, vibrant, and easy-drinking wines<\/span><\/h1><\/div><style>.ld_fancy_heading_6a022d9c1867e p{color:rgb(255, 255, 255);}.ld_fancy_heading_6a022d9c1867e .lqd-highlight-inner{height:0.275em;bottom:0px;}<\/style><div class=\"ld-fancy-heading ld_fancy_heading_6a022d9c1867e\">\n\t<p class=\"lqd-highlight-underline lqd-highlight-grow-left\" ><span class=\"ld-fh-txt\"> Miu does not compete for medals or critics' scores. We compete for authenticity. Our wines carry a story that connects emotionally.<\/span><\/p><\/div><\/div><\/div><\/div><\/div><div class=\"wpb_column vc_column_container vc_col-sm-3 liquid-column-6a022d9c18a4e\"><div class=\"vc_column-inner\"><div class=\"wpb_wrapper\"   ><div class=\"wpb_wrapper-inner\"><\/div><\/div><\/div><\/div><\/div><\/div><\/section><div class=\"vc_row-full-width vc_clearfix\"><\/div><section class=\"vc_row wpb_row vc_row-fluid liquid-row-shadowbox-6a022d9c18b52 vc_column-gap-0 vc_row-o-content-middle vc_row-flex\"><div class=\"ld-container container-fluid\"><div class=\"row ld-row\"><div class=\"wpb_column vc_column_container vc_col-sm-6 liquid-column-6a022d9c18c57\"><div class=\"vc_column-inner\"><div class=\"wpb_wrapper vc_custom_1771513824308\"   ><div class=\"wpb_wrapper-inner\">\n\t<div  class=\"wpb_single_image wpb_content_element vc_align_left  liquid_vc_single_image-6a022d9c26db6\">\n\t\t\n\t\t<figure class=\"wpb_wrapper vc_figure\">\n\t\t\t<div class=\"vc_single_image-wrapper   vc_box_border_grey\"><img loading=\"lazy\" decoding=\"async\" width=\"1080\" height=\"1080\" src=\"data:image\/svg+xml;charset=utf-8,&lt;svg xmlns%3D&#039;http%3A%2F%2Fwww.w3.org%2F2000%2Fsvg&#039; viewBox%3D&#039;0 0 1080 1080&#039;%2F&gt;\" class=\"vc_single_image-img attachment-full ld-lazyload\" alt=\"\" title=\"miuvinos-vinomalbec\" srcset=\"\" sizes=\"auto, (max-width: 1080px) 100vw, 1080px\" data-src=\"https:\/\/miuvinos.com\/wp-content\/uploads\/2026\/02\/miuvinos-vinomalbec.jpg\" data-srcset=\"https:\/\/miuvinos.com\/wp-content\/uploads\/2026\/02\/miuvinos-vinomalbec.jpg 1080w, https:\/\/miuvinos.com\/wp-content\/uploads\/2026\/02\/miuvinos-vinomalbec-300x300.jpg 300w, https:\/\/miuvinos.com\/wp-content\/uploads\/2026\/02\/miuvinos-vinomalbec-1024x1024.jpg 1024w, https:\/\/miuvinos.com\/wp-content\/uploads\/2026\/02\/miuvinos-vinomalbec-150x150.jpg 150w, https:\/\/miuvinos.com\/wp-content\/uploads\/2026\/02\/miuvinos-vinomalbec-12x12.jpg 12w\" data-aspect=\"1\" \/><\/div>\n\t\t<\/figure>\n\t<\/div>\n<\/div><\/div><\/div><\/div><div class=\"wpb_column vc_column_container vc_col-sm-6 liquid-column-6a022d9c26f28\"><div class=\"vc_column-inner\"><div class=\"wpb_wrapper vc_custom_1771511256309\"   ><div class=\"wpb_wrapper-inner\"><style>.ld_fancy_heading_6a022d9c27015 h2{color:rgb(68, 0, 113);}.ld_fancy_heading_6a022d9c27015 .lqd-highlight-inner{bottom:0px;}<\/style><div class=\"ld-fancy-heading ld_fancy_heading_6a022d9c27015\">\n\t<h2 class=\"lqd-highlight-underline lqd-highlight-grow-left\" ><span class=\"ld-fh-txt\"> Miu Malbec<\/span><\/h2><\/div><style>.ld_fancy_heading_6a022d9c2725a p{color:rgb(51, 51, 51);}.ld_fancy_heading_6a022d9c2725a .lqd-highlight-inner{height:0.275em;bottom:0px;}<\/style><div class=\"ld-fancy-heading ld_fancy_heading_6a022d9c2725a\">\n\t<p class=\"lqd-highlight-underline lqd-highlight-grow-left\" ><span class=\"ld-fh-txt\"> 100% Malbec from Maip\u00fa, Mendoza. Bright ruby red color, with aromas of ripe plum and subtle spices. Smooth tannins, a sweet entry, and a pleasant, medium finish. A versatile wine for any occasion.<\/span><\/p><\/div><div class=\"vc_separator wpb_content_element vc_separator_align_center vc_sep_width_100 vc_sep_pos_align_center vc_separator_no_text vc_sep_color_grey vc_custom_1773386730456 wpb_content_element  vc_custom_1773386730456 wpb_content_element\" ><span class=\"vc_sep_holder vc_sep_holder_l\"><span class=\"vc_sep_line\"><\/span><\/span><span class=\"vc_sep_holder vc_sep_holder_r\"><span class=\"vc_sep_line\"><\/span><\/span>\n<\/div><style>.ld_fancy_heading_6a022d9c27477 p{font-size:18px;line-height:30px;color:rgb(51, 51, 51);}.ld_fancy_heading_6a022d9c27477 .lqd-highlight-inner{height:0.275em;bottom:0px;}<\/style><div class=\"ld-fancy-heading ld_fancy_heading_6a022d9c27477\">\n\t<p class=\"lqd-highlight-underline lqd-highlight-grow-left\" ><span class=\"ld-fh-txt\"> <strong>Profile:<\/strong> Fruity, smooth, genuine.<\/span><\/p><\/div><style>.ld_fancy_heading_6a022d9c2758b p{font-size:18px;line-height:30px;color:rgb(51, 51, 51);}.ld_fancy_heading_6a022d9c2758b .lqd-highlight-inner{height:0.275em;bottom:0px;}<\/style><div class=\"ld-fancy-heading ld_fancy_heading_6a022d9c2758b\">\n\t<p class=\"lqd-highlight-underline lqd-highlight-grow-left\" ><span class=\"ld-fh-txt\"> <strong>When to enjoy:<\/strong> Gatherings with friends, informal dinners, barbecues, moments of connection.<\/span><\/p><\/div><style>.ld_fancy_heading_6a022d9c2767d p{font-size:18px;line-height:30px;color:rgb(51, 51, 51);}.ld_fancy_heading_6a022d9c2767d .lqd-highlight-inner{height:0.275em;bottom:0px;}<\/style><div class=\"ld-fancy-heading ld_fancy_heading_6a022d9c2767d\">\n\t<p class=\"lqd-highlight-underline lqd-highlight-grow-left\" ><span class=\"ld-fh-txt\"> <strong>Technical Information:<\/strong><br \/>\n\u2022 Varietal: Malbec 100%<br \/>\n\u2022 Region: Maip\u00fa, Mendoza, Argentina<br \/>\n\u2022 Alcohol: 12.7% v\/v<br \/>\n\u2022 Serving Temperature: 14-16\u00b0C<\/span><\/p><\/div><style>.ld_fancy_heading_6a022d9c27794 p{font-size:18px;line-height:30px;color:rgb(51, 51, 51);}.ld_fancy_heading_6a022d9c27794 .lqd-highlight-inner{height:0.275em;bottom:0px;}<\/style><div class=\"ld-fancy-heading ld_fancy_heading_6a022d9c27794\">\n\t<p class=\"lqd-highlight-underline lqd-highlight-grow-left\" ><span class=\"ld-fh-txt\"> <strong>Pairings:<\/strong> Grilled meats, pasta with tomato sauce, pizzas, cheeses.<\/span><\/p><\/div><\/div><\/div><\/div><\/div><\/div><\/div><\/section><div class=\"vc_row-full-width vc_clearfix\"><\/div><section class=\"vc_row wpb_row vc_row-fluid liquid-row-shadowbox-6a022d9c27952 vc_column-gap-0 vc_row-o-content-middle vc_row-flex\"><div class=\"ld-container container-fluid\"><div class=\"row ld-row\"><div class=\"wpb_column vc_column_container vc_col-sm-6 liquid-column-6a022d9c27a65\"><div class=\"vc_column-inner\"><div class=\"wpb_wrapper vc_custom_1771513845424\"   ><div class=\"wpb_wrapper-inner\"><style>.ld_fancy_heading_6a022d9c27b23 h2{color:rgb(68, 0, 113);}.ld_fancy_heading_6a022d9c27b23 .lqd-highlight-inner{bottom:0px;}<\/style><div class=\"ld-fancy-heading ld_fancy_heading_6a022d9c27b23\">\n\t<h2 class=\"lqd-highlight-underline lqd-highlight-grow-left\" ><span class=\"ld-fh-txt\"> Miu Rosado<\/span><\/h2><\/div><style>.ld_fancy_heading_6a022d9c27bfe p{color:rgb(51, 51, 51);}.ld_fancy_heading_6a022d9c27bfe .lqd-highlight-inner{height:0.275em;bottom:0px;}<\/style><div class=\"ld-fancy-heading ld_fancy_heading_6a022d9c27bfe\">\n\t<p class=\"lqd-highlight-underline lqd-highlight-grow-left\" ><span class=\"ld-fh-txt\"> Natural sweet Syrah from Maip\u00fa, Mendoza. Elegant pale pink color, with aromas of strawberries, raspberries, and blackberries. Lightly sparkling, with a perfect balance between freshness and sweetness.<\/span><\/p><\/div><div class=\"vc_separator wpb_content_element vc_separator_align_center vc_sep_width_100 vc_sep_pos_align_center vc_separator_no_text vc_sep_color_grey vc_custom_1773386730456 wpb_content_element  vc_custom_1773386730456 wpb_content_element\" ><span class=\"vc_sep_holder vc_sep_holder_l\"><span class=\"vc_sep_line\"><\/span><\/span><span class=\"vc_sep_holder vc_sep_holder_r\"><span class=\"vc_sep_line\"><\/span><\/span>\n<\/div><style>.ld_fancy_heading_6a022d9c27d91 p{font-size:18px;line-height:30px;color:rgb(51, 51, 51);}.ld_fancy_heading_6a022d9c27d91 .lqd-highlight-inner{height:0.275em;bottom:0px;}<\/style><div class=\"ld-fancy-heading ld_fancy_heading_6a022d9c27d91\">\n\t<p class=\"lqd-highlight-underline lqd-highlight-grow-left\" ><span class=\"ld-fh-txt\"> <strong>Profile:<\/strong> Sweet, refreshing, lively.<\/span><\/p><\/div><style>.ld_fancy_heading_6a022d9c27e82 p{font-size:18px;line-height:30px;color:rgb(51, 51, 51);}.ld_fancy_heading_6a022d9c27e82 .lqd-highlight-inner{height:0.275em;bottom:0px;}<\/style><div class=\"ld-fancy-heading ld_fancy_heading_6a022d9c27e82\">\n\t<p class=\"lqd-highlight-underline lqd-highlight-grow-left\" ><span class=\"ld-fh-txt\"> <strong>When to enjoy:<\/strong> Summer afternoons, picnics, outdoor gatherings, informal celebrations.<\/span><\/p><\/div><style>.ld_fancy_heading_6a022d9c27f98 p{font-size:18px;line-height:30px;color:rgb(51, 51, 51);}.ld_fancy_heading_6a022d9c27f98 .lqd-highlight-inner{height:0.275em;bottom:0px;}<\/style><div class=\"ld-fancy-heading ld_fancy_heading_6a022d9c27f98\">\n\t<p class=\"lqd-highlight-underline lqd-highlight-grow-left\" ><span class=\"ld-fh-txt\"> <strong>Technical Information:<\/strong><br \/>\n\u2022 Varietal: 100% Syrah<br \/>\n\u2022 Region: Maip\u00fa, Mendoza, Argentina<br \/>\n\u2022 Alcohol: 10.5% v\/v<br \/>\n\u2022 Residual sugar: 41 g\/l<br \/>\n\u2022 Serving temperature: 5-8\u00b0C<\/span><\/p><\/div><style>.ld_fancy_heading_6a022d9c280e3 p{font-size:18px;line-height:30px;color:rgb(51, 51, 51);}.ld_fancy_heading_6a022d9c280e3 .lqd-highlight-inner{height:0.275em;bottom:0px;}<\/style><div class=\"ld-fancy-heading ld_fancy_heading_6a022d9c280e3\">\n\t<p class=\"lqd-highlight-underline lqd-highlight-grow-left\" ><span class=\"ld-fh-txt\"> <strong>Pairings:<\/strong> Appetizers, cheeses, ceviche, sushi, tiraditos, fruit desserts.<\/span><\/p><\/div><\/div><\/div><\/div><\/div><div class=\"wpb_column vc_column_container vc_col-sm-6 liquid-column-6a022d9c28266\"><div class=\"vc_column-inner\"><div class=\"wpb_wrapper vc_custom_1771513833955\"   ><div class=\"wpb_wrapper-inner\">\n\t<div  class=\"wpb_single_image wpb_content_element vc_align_left  liquid_vc_single_image-6a022d9c35c43\">\n\t\t\n\t\t<figure class=\"wpb_wrapper vc_figure\">\n\t\t\t<div class=\"vc_single_image-wrapper   vc_box_border_grey\"><img loading=\"lazy\" decoding=\"async\" width=\"1080\" height=\"1080\" src=\"data:image\/svg+xml;charset=utf-8,&lt;svg xmlns%3D&#039;http%3A%2F%2Fwww.w3.org%2F2000%2Fsvg&#039; viewBox%3D&#039;0 0 1080 1080&#039;%2F&gt;\" class=\"vc_single_image-img attachment-full ld-lazyload\" alt=\"\" title=\"miuvinos-vinorosado\" srcset=\"\" sizes=\"auto, (max-width: 1080px) 100vw, 1080px\" data-src=\"https:\/\/miuvinos.com\/wp-content\/uploads\/2026\/02\/miuvinos-vinorosado.jpg\" data-srcset=\"https:\/\/miuvinos.com\/wp-content\/uploads\/2026\/02\/miuvinos-vinorosado.jpg 1080w, https:\/\/miuvinos.com\/wp-content\/uploads\/2026\/02\/miuvinos-vinorosado-300x300.jpg 300w, https:\/\/miuvinos.com\/wp-content\/uploads\/2026\/02\/miuvinos-vinorosado-1024x1024.jpg 1024w, https:\/\/miuvinos.com\/wp-content\/uploads\/2026\/02\/miuvinos-vinorosado-150x150.jpg 150w, https:\/\/miuvinos.com\/wp-content\/uploads\/2026\/02\/miuvinos-vinorosado-12x12.jpg 12w\" data-aspect=\"1\" \/><\/div>\n\t\t<\/figure>\n\t<\/div>\n<\/div><\/div><\/div><\/div><\/div><\/div><\/section><div class=\"vc_row-full-width vc_clearfix\"><\/div><section data-bg-image=\"url\" class=\"vc_row wpb_row vc_row-fluid vc_custom_1773151736672 row-contains-padding-top row-contains-padding-bottom liquid-row-shadowbox-6a022d9c35e0c vc_row-has-fill vc_row-has-bg vc_row-o-content-top vc_row-flex\"><div class=\"ld-container container\"><div class=\"row ld-row\"><div class=\"wpb_column vc_column_container vc_col-sm-2 text-center liquid-column-6a022d9c35f6a\"><div class=\"vc_column-inner\"><div class=\"wpb_wrapper\"   ><div class=\"wpb_wrapper-inner\"><\/div><\/div><\/div><\/div><div class=\"wpb_column vc_column_container vc_col-sm-8 text-center liquid-column-6a022d9c3604f\"><div class=\"vc_column-inner\"><div class=\"wpb_wrapper\"   ><div class=\"wpb_wrapper-inner\"><style>.ld_fancy_heading_6a022d9c36113 h2{color:rgb(68, 0, 113);}.ld_fancy_heading_6a022d9c36113 .lqd-highlight-inner{bottom:0px;}<\/style><div class=\"ld-fancy-heading ld_fancy_heading_6a022d9c36113\">\n\t<h2 class=\"lqd-highlight-underline lqd-highlight-grow-left\" ><span class=\"ld-fh-txt\"> Our product philosophy<\/span><\/h2><\/div><\/div><\/div><\/div><\/div><div class=\"wpb_column vc_column_container vc_col-sm-2 text-center liquid-column-6a022d9c3628f\"><div class=\"vc_column-inner\"><div class=\"wpb_wrapper\"   ><div class=\"wpb_wrapper-inner\"><\/div><\/div><\/div><\/div><\/div><\/div><\/section><section data-bg-image=\"url\" class=\"vc_row wpb_row vc_row-fluid vc_custom_1773154255292 row-contains-padding-top row-contains-padding-bottom liquid-row-shadowbox-6a022d9c36396 vc_row-has-fill vc_row-has-bg vc_column-gap-20 vc_row-o-content-top vc_row-flex\"><div class=\"ld-container container-fluid\"><div class=\"row ld-row\"><div class=\"wpb_column vc_column_container vc_col-sm-3 text-center liquid-column-6a022d9c364b3\"><div class=\"vc_column-inner\"><div class=\"wpb_wrapper\"   ><div class=\"wpb_wrapper-inner\"><style>.ld_icon_box_6a022d9c365b8 .iconbox-icon-container{color:rgb(255, 255, 255);margin-bottom:25px !important;border-radius:px;}.ld_icon_box_6a022d9c365b8:hover .iconbox-icon-container{color:#440071;}.ld_icon_box_6a022d9c365b8 h3{color:#ffda22;margin-bottom:20px;}.ld_icon_box_6a022d9c365b8:hover h3{color:#440071;}.ld_icon_box_6a022d9c365b8{background:#440071;}.ld_icon_box_6a022d9c365b8:before{background:rgb(255, 255, 255);}.ld_icon_box_6a022d9c365b8:hover, .ld_icon_box_6a022d9c365b8:hover p{color:#440071;}<\/style>\n<div class=\"iconbox iconbox-semiround iconbox-lg iconbox-heading-sm iconbox-filled iconbox-filled iconbox-filled-hover ld_icon_box_6a022d9c365b8 vc_custom_1773389142902\" id=\"ld_icon_box_6a022d9c365b8\"  data-plugin-options='{\"color\":\"rgb(255, 255, 255)\",\"hoverColor\":\"#440071\"}'  >\n\t\n\t\t<div class=\"iconbox-icon-wrap\"><span class=\"iconbox-icon-container\"><i class=\"icon-et-wine\"><\/i><\/span><\/div><!-- \/.iconbox-icon-wrap -->\t\n\t\t\n\t<div class=\"contents\">\t\n\t<h3>Accessible wines<\/h3>\t<p><span style=\"color: #ffffff\">Fresh, direct, and youthful wines. To be enjoyed without complications, with a real story behind them.<\/span><\/p>\n\t\t\n\t<\/div>\t\n\t\n<\/div>\n<\/div><\/div><\/div><\/div><div class=\"wpb_column vc_column_container vc_col-sm-3 text-center liquid-column-6a022d9c36a45\"><div class=\"vc_column-inner\"><div class=\"wpb_wrapper\"   ><div class=\"wpb_wrapper-inner\"><style>.ld_icon_box_6a022d9c36b46 .iconbox-icon-container{color:rgb(255, 255, 255);margin-bottom:25px !important;border-radius:px;}.ld_icon_box_6a022d9c36b46:hover .iconbox-icon-container{color:#440071;}.ld_icon_box_6a022d9c36b46 h3{color:#ffda22;margin-bottom:20px;}.ld_icon_box_6a022d9c36b46:hover h3{color:#440071;}.ld_icon_box_6a022d9c36b46{background:#440071;}.ld_icon_box_6a022d9c36b46:before{background:rgb(255, 255, 255);}.ld_icon_box_6a022d9c36b46:hover, .ld_icon_box_6a022d9c36b46:hover p{color:#440071;}<\/style>\n<div class=\"iconbox iconbox-semiround iconbox-lg iconbox-heading-sm iconbox-filled iconbox-filled iconbox-filled-hover ld_icon_box_6a022d9c36b46 vc_custom_1773753239167\" id=\"ld_icon_box_6a022d9c36b46\"  data-plugin-options='{\"color\":\"rgb(255, 255, 255)\",\"hoverColor\":\"#440071\"}'  >\n\t\n\t\t<div class=\"iconbox-icon-wrap\"><span class=\"iconbox-icon-container\"><i class=\"icon-et-heart\"><\/i><\/span><\/div><!-- \/.iconbox-icon-wrap -->\t\n\t\t\n\t<div class=\"contents\">\t\n\t<h3>Simple language<\/h3>\t<p><span style=\"color: #ffffff\">We speak without intimidating technical jargon. If you know about wine, great. If it is your first glass, welcome.<\/span><\/p>\n\t\t\n\t<\/div>\t\n\t\n<\/div>\n<\/div><\/div><\/div><\/div><div class=\"wpb_column vc_column_container vc_col-sm-3 text-center liquid-column-6a022d9c36f7a\"><div class=\"vc_column-inner\"><div class=\"wpb_wrapper\"   ><div class=\"wpb_wrapper-inner\"><style>.ld_icon_box_6a022d9c3706a .iconbox-icon-container{color:rgb(255, 255, 255);margin-bottom:25px !important;border-radius:px;}.ld_icon_box_6a022d9c3706a:hover .iconbox-icon-container{color:#440071;}.ld_icon_box_6a022d9c3706a h3{color:#ffda22;margin-bottom:20px;}.ld_icon_box_6a022d9c3706a:hover h3{color:#440071;}.ld_icon_box_6a022d9c3706a{background:#440071;}.ld_icon_box_6a022d9c3706a:before{background:rgb(255, 255, 255);}.ld_icon_box_6a022d9c3706a:hover, .ld_icon_box_6a022d9c3706a:hover p{color:#440071;}<\/style>\n<div class=\"iconbox iconbox-semiround iconbox-lg iconbox-heading-sm iconbox-filled iconbox-filled iconbox-filled-hover ld_icon_box_6a022d9c3706a vc_custom_1773389401858\" id=\"ld_icon_box_6a022d9c3706a\"  data-plugin-options='{\"color\":\"rgb(255, 255, 255)\",\"hoverColor\":\"#440071\"}'  >\n\t\n\t\t<div class=\"iconbox-icon-wrap\"><span class=\"iconbox-icon-container\"><i class=\"icon-weather_star\"><\/i><\/span><\/div><!-- \/.iconbox-icon-wrap -->\t\n\t\t\n\t<div class=\"contents\">\t\n\t<h3>Authenticity first<\/h3>\t<p><span style=\"color: #ffffff\">We compete for real stories and genuine connections. Recognition comes from those who choose us.<\/span><\/p>\n\t\t\n\t<\/div>\t\n\t\n<\/div>\n<\/div><\/div><\/div><\/div><div class=\"wpb_column vc_column_container vc_col-sm-3 text-center liquid-column-6a022d9c37315\"><div class=\"vc_column-inner\"><div class=\"wpb_wrapper\"   ><div class=\"wpb_wrapper-inner\"><style>.ld_icon_box_6a022d9c373f3 .iconbox-icon-container{color:rgb(255, 255, 255);margin-bottom:25px !important;border-radius:px;}.ld_icon_box_6a022d9c373f3:hover .iconbox-icon-container{color:#440071;}.ld_icon_box_6a022d9c373f3 h3{color:#ffda22;margin-bottom:20px;}.ld_icon_box_6a022d9c373f3:hover h3{color:#440071;}.ld_icon_box_6a022d9c373f3{background:#440071;}.ld_icon_box_6a022d9c373f3:before{background:rgb(255, 255, 255);}.ld_icon_box_6a022d9c373f3:hover, .ld_icon_box_6a022d9c373f3:hover p{color:#440071;}<\/style>\n<div class=\"iconbox iconbox-semiround iconbox-lg iconbox-heading-sm iconbox-filled iconbox-filled iconbox-filled-hover ld_icon_box_6a022d9c373f3 vc_custom_1773389420845\" id=\"ld_icon_box_6a022d9c373f3\"  data-plugin-options='{\"color\":\"rgb(255, 255, 255)\",\"hoverColor\":\"#440071\"}'  >\n\t\n\t\t<div class=\"iconbox-icon-wrap\"><span class=\"iconbox-icon-container\"><i class=\"icon-et-chat\"><\/i><\/span><\/div><!-- \/.iconbox-icon-wrap -->\t\n\t\t\n\t<div class=\"contents\">\t\n\t<h3>Instant conversation<\/h3>\t<p><span style=\"color: #ffffff\">The greyhound on the label invites you to ask, to connect. The story begins before the bottle is even opened.<\/span><\/p>\n\t\t\n\t<\/div>\t\n\t\n<\/div>\n<\/div><\/div><\/div><\/div><\/div><\/div><\/section><div class=\"vc_row-full-width vc_clearfix\"><\/div><section data-bg-image=\"url\" class=\"vc_row wpb_row vc_row-fluid vc_custom_1775123080552 row-contains-padding-top row-contains-padding-bottom liquid-row-shadowbox-6a022d9c37617 vc_row-has-fill vc_row-has-bg vc_column-gap-35\"><div class=\"liquid-row-overlay\" style=\"background:rgba(28, 0, 46, 0.8)\"><\/div><div class=\"ld-container container-fluid\"><div class=\"row ld-row\"><div class=\"wpb_column vc_column_container vc_col-sm-2 liquid-column-6a022d9c37733\"><div class=\"vc_column-inner\"><div class=\"wpb_wrapper\"   ><div class=\"wpb_wrapper-inner\"><\/div><\/div><\/div><\/div><div class=\"wpb_column vc_column_container vc_col-sm-8 text-center liquid-column-6a022d9c37805\"><div class=\"vc_column-inner\"><div class=\"wpb_wrapper\"   ><div class=\"wpb_wrapper-inner\"><style>.ld_fancy_heading_6a022d9c378bb p{color:rgb(255, 255, 255);}.ld_fancy_heading_6a022d9c378bb .lqd-highlight-inner{height:0.275em;bottom:0px;}<\/style><div class=\"ld-fancy-heading ld_fancy_heading_6a022d9c378bb\">\n\t<p class=\"lqd-highlight-underline lqd-highlight-grow-left\" ><span class=\"ld-fh-txt\"> Wines that are easy to sell because the story connects emotionally, without the need to educate the consumer for 20 minutes. Authenticity does the rest.<\/span><\/p><\/div><div class=\"vc_empty_space\"   style=\"height: 20px\"><span class=\"vc_empty_space_inner\"><\/span><\/div><style>.ld_button_6a022d9c37b9d.btn-icon-solid .btn-icon{background:#ffda22;}.ld_button_6a022d9c37b9d.btn-icon-circle.btn-icon-ripple .btn-icon:before{border-color:#ffda22;}.ld_button_6a022d9c37b9d.btn-icon-solid:hover .btn-icon{background:#440071;}.ld_button_6a022d9c37b9d{background-color:#ffda22;border-color:#ffda22;color:#440071;font-size:14px !important;font-weight:600 !important;letter-spacing:1px !important;}.ld_button_6a022d9c37b9d:hover{background-color:#440071;border-color:#440071;color:#fafad4;}.ld_button_6a022d9c37b9d .btn-gradient-bg-hover{background:-webkit-linear-gradient(to right, #440071 0%, #440071 100%);background:linear-gradient(to right, #440071 0%, #440071 100%);}.ld_button_6a022d9c37b9d .btn-gradient-border defs stop:first-child{stop-color:#ffda22;}.ld_button_6a022d9c37b9d .btn-gradient-border defs stop:last-child{stop-color:#ffda22;}.ld_button_6a022d9c37b9d:hover .btn-gradient-border defs stop:first-child{stop-color:#440071;}.ld_button_6a022d9c37b9d:hover .btn-gradient-border defs stop:last-child{stop-color:#440071;}<\/style><a href=\"https:\/\/miuvinos.com\/en\/contacto\/\" title=\"Contact\" class=\"btn btn-solid text-uppercase btn-md round btn-bordered border-thin ld_button_6a022d9c37b9d\">\n\t<span>\n\t\t\n\t\t\t\t\t<span class=\"btn-txt\">Work with us \u2192<\/span>\n\t\t\t\n\t\t\t\t<\/span>\n<\/a>\n<\/div><\/div><\/div><\/div><div class=\"wpb_column vc_column_container vc_col-sm-2 liquid-column-6a022d9c37f9a\"><div class=\"vc_column-inner\"><div class=\"wpb_wrapper\"   ><div class=\"wpb_wrapper-inner\"><\/div><\/div><\/div><\/div><\/div><\/div><\/section><div class=\"vc_row-full-width vc_clearfix\"><\/div>\n<\/div>","protected":false},"excerpt":{"rendered":"Vinos j\u00f3venes, frescos, f\u00e1ciles de disfrutar Miu no compite por medallas ni puntajes de cr\u00edticos....","protected":false},"author":1,"featured_media":0,"parent":0,"menu_order":0,"comment_status":"closed","ping_status":"closed","template":"","meta":{"footnotes":""},"class_list":["post-346","page","type-page","status-publish","hentry"],"_links":{"self":[{"href":"https:\/\/miuvinos.com\/en\/wp-json\/wp\/v2\/pages\/346","targetHints":{"allow":["GET"]}}],"collection":[{"href":"https:\/\/miuvinos.com\/en\/wp-json\/wp\/v2\/pages"}],"about":[{"href":"https:\/\/miuvinos.com\/en\/wp-json\/wp\/v2\/types\/page"}],"author":[{"embeddable":true,"href":"https:\/\/miuvinos.com\/en\/wp-json\/wp\/v2\/users\/1"}],"replies":[{"embeddable":true,"href":"https:\/\/miuvinos.com\/en\/wp-json\/wp\/v2\/comments?post=346"}],"version-history":[{"count":30,"href":"https:\/\/miuvinos.com\/en\/wp-json\/wp\/v2\/pages\/346\/revisions"}],"predecessor-version":[{"id":515,"href":"https:\/\/miuvinos.com\/en\/wp-json\/wp\/v2\/pages\/346\/revisions\/515"}],"wp:attachment":[{"href":"https:\/\/miuvinos.com\/en\/wp-json\/wp\/v2\/media?parent=346"}],"curies":[{"name":"wp","href":"https:\/\/api.w.org\/{rel}","templated":true}]}}